{"id":2717,"date":"2019-05-29T11:34:40","date_gmt":"2019-05-29T09:34:40","guid":{"rendered":"https:\/\/guiesdegirona.com\/?page_id=2717"},"modified":"2019-07-03T08:01:51","modified_gmt":"2019-07-03T06:01:51","slug":"politique-de-confidentialite","status":"publish","type":"page","link":"https:\/\/guiesdegirona.com\/fr\/politique-de-confidentialite\/","title":{"rendered":"Politique de confidentialit\u00e9"},"content":{"rendered":"<p><strong>POL\u00cdTICA DE PRIVACIDAD<\/strong><\/p>\n<p>De conformidad con lo establecido en la normativa vigente en Protecci\u00f3n de Datos de Car\u00e1cter Personal, le informamos que sus datos ser\u00e1n incorporados al sistema de tratamiento titularidad de ASSOCIACI\u00d3 DE GUIES DE GIRONA con CIF G17561721 y domicilio social sito en C\/ BERENGUER CARNISSER 3 17001, GIRONA, con la finalidad de atender sus consultas y remitirle informaci\u00f3n relacionada que pueda ser de su inter\u00e9s.<\/p>\n<p>En cumplimiento con la normativa vigente, ASSOCIACI\u00d3 DE GUIES DE GIRONA informa que los datos ser\u00e1n conservados durante el plazo estrictamente necesario para cumplir con los preceptos mencionados con anterioridad.<\/p>\n<p>Mientras no nos comunique lo contrario, entenderemos que sus datos no han sido modificados, que usted se compromete a notificarnos cualquier variaci\u00f3n y que tenemos su consentimiento para utilizarlos para las finalidades mencionadas.<\/p>\n<p>ASSOCIACI\u00d3 DE GUIES DE GIRONA informa que proceder\u00e1 a tratar los datos de manera l\u00edcita, leal, transparente, adecuada, pertinente, limitada, exacta y actualizada. Es por ello que ASSOCIACI\u00d3 DE GUIES DE GIRONA se compromete a adoptar todas las medidas razonables para que estos se supriman o rectifiquen sin dilaci\u00f3n cuando sean inexactos.<\/p>\n<p>De acuerdo con los derechos que le confiere el la normativa vigente en protecci\u00f3n de datos podr\u00e1 ejercer los derechos de acceso, rectificaci\u00f3n, limitaci\u00f3n de tratamiento, supresi\u00f3n, portabilidad y oposici\u00f3n al tratamiento de sus datos de car\u00e1cter personal as\u00ed como del consentimiento prestado para el tratamiento de los mismos, dirigiendo su petici\u00f3n a la direcci\u00f3n postal indicada m\u00e1s arriba o al correo electr\u00f3nico guidesgirona@gmail.com<\/p>\n<p>Podr\u00e1 dirigirse a la Autoridad de Control competente para presentar la reclamaci\u00f3n que considere oportuna.<br \/>\nCon env\u00edo del formulario de recogida de datos usted acepta la pol\u00edtica de privacidad de ASSOCIACI\u00d3 DE GUIES DE GIRONA<\/p>\n","protected":false},"excerpt":{"rendered":"POL\u00cdTICA DE PRIVACIDAD De conformidad con lo establecido en la normativa vigente en Protecci\u00f3n de Datos de Car\u00e1cter Personal, le informamos que sus datos ser\u00e1n incorporados al sistema de tratamiento titularidad de ASSOCIACI\u00d3 DE GUIES DE GIRONA con CIF G17561721 y domicilio social sito en C\/ BERENGUER CARNISSER 3 17001, GIRONA, con la finalidad de&#8230; <a class=\"view-article\" href=\"https:\/\/guiesdegirona.com\/fr\/politique-de-confidentialite\/\">Voir l&rsquo;article<\/a>","protected":false},"author":9,"featured_media":2033,"parent":0,"menu_order":0,"comment_status":"closed","ping_status":"closed","template":"","meta":{"footnotes":""},"class_list":["post-2717","page","type-page","status-publish","has-post-thumbnail","hentry"],"_links":{"self":[{"href":"https:\/\/guiesdegirona.com\/fr\/wp-json\/wp\/v2\/pages\/2717","targetHints":{"allow":["GET"]}}],"collection":[{"href":"https:\/\/guiesdegirona.com\/fr\/wp-json\/wp\/v2\/pages"}],"about":[{"href":"https:\/\/guiesdegirona.com\/fr\/wp-json\/wp\/v2\/types\/page"}],"author":[{"embeddable":true,"href":"https:\/\/guiesdegirona.com\/fr\/wp-json\/wp\/v2\/users\/9"}],"replies":[{"embeddable":true,"href":"https:\/\/guiesdegirona.com\/fr\/wp-json\/wp\/v2\/comments?post=2717"}],"version-history":[{"count":3,"href":"https:\/\/guiesdegirona.com\/fr\/wp-json\/wp\/v2\/pages\/2717\/revisions"}],"predecessor-version":[{"id":2845,"href":"https:\/\/guiesdegirona.com\/fr\/wp-json\/wp\/v2\/pages\/2717\/revisions\/2845"}],"wp:featuredmedia":[{"embeddable":true,"href":"https:\/\/guiesdegirona.com\/fr\/wp-json\/wp\/v2\/media\/2033"}],"wp:attachment":[{"href":"https:\/\/guiesdegirona.com\/fr\/wp-json\/wp\/v2\/media?parent=2717"}],"curies":[{"name":"wp","href":"https:\/\/api.w.org\/{rel}","templated":true}]}}