{"id":2711,"date":"2019-05-29T11:36:45","date_gmt":"2019-05-29T09:36:45","guid":{"rendered":"https:\/\/guiesdegirona.com\/?page_id=2711"},"modified":"2019-07-03T08:00:21","modified_gmt":"2019-07-03T06:00:21","slug":"avis-juridique","status":"publish","type":"page","link":"https:\/\/guiesdegirona.com\/fr\/avis-juridique\/","title":{"rendered":"Avis juridique"},"content":{"rendered":"<p><strong>AVISO LEGAL<\/strong><\/p>\n<p>En cumplimiento con lo establecido en la Ley 34\/2002 de 11 de Julio, de Servicios de la Sociedad de la Informaci\u00f3n y el Comercio Electr\u00f3nico (LSSICE) informamos que :<br \/>\nLa propiedad y responsabilidad de esta web es de Associaci\u00f2 de guies de Girona, c\/Berenguer Carniser,3 , 17001 Girona con CIF G17561721. Telf 972 21 16 78 @mail guidesgirona@gmail.com<\/p>\n<p><strong>CONDICIONES GENERALES DE USO<\/strong><\/p>\n<p>El objetivo de esta web es dar a conocer al p\u00fablico, en general, las actividades que realiza y los servicios que presta, para el desarrollo de su actividad. Su uso implica la plena aceptaci\u00f3n de las condiciones aqu\u00ed expuestas.<br \/>\nLa Asociaci\u00f3n de gu\u00edas de Girona se reserva la facultad de efectuar modificaciones en su Web tanto de informaci\u00f3n como de estructura en cualquier momento.<br \/>\nLos logos, marcas, signos distintivos, las im\u00e1genes y otros elementos gr\u00e1ficos que aparecen en la misma, son titularidad de Associaci\u00f2 de guies de Girona o de sus colaboradores y est\u00e1n protegidos por los correspondientes derechos de propiedad intelectual e industrial por lo cual se proh\u00edbe su utilizaci\u00f3n sin autorizaci\u00f3n previa<\/p>\n<p>L\u2019associaci\u00f2 de guies de Girona respeta los derechos de propiedad intelectual e industrial de terceros; por ello, si considera que nuestro sitio Web pudiera estar violando sus derechos, rogamos se ponga en contacto con nosotros.<\/p>\n<p>El acceso al sitio Web de Associaci\u00f2 de Guies de Girona y el uso que pueda hacerse de la informaci\u00f3n contenida en \u00e9l es responsabilidad de quien lo realiza.<br \/>\nAssociaci\u00f3 de guies de Girona no se responsabiliza de las respuestas que se realicen a trav\u00e9s de las distintas direcciones de correo electr\u00f3nico que aparecen en su sitio Web, ni de los enlaces contenidos en su sitio Web que pueden dirigir a contenidos Web de terceros que no pertenecen a Associaci\u00f2 de Guies de Girona, por lo cual no asume ninguna responsabilidad por su contenido, sus informaciones o sus servicios. Tampoco porel funcionamiento de la p\u00e1gina enlazada o de los posibles da\u00f1os que puedan derivarse del acceso o uso de la misma<\/p>\n<p><strong>LOS DATOS PERSONALES<\/strong> solicitados para la prestaci\u00f3n de nuestros servicios se incluyen en ficheros sometidos a lo dispuesto en la Ley Org\u00e1nica de Protecci\u00f3n de Datos 15\/1999 (LOPD) y en el Real Decreto 1720\/2007, de 21 de diciembre, por el que se aprueba el reglamento de desarrollo de la misma (RLOPD) y el ReglamentoGeneral de Protecci\u00f3n de Datos de la Uni\u00f3n Europea (UE 2016\/679 RGPD).<\/p>\n<p>La recogida de dichos datos por finalidad la gesti\u00f3n y prestaci\u00f3n de los servicios solicitados por el usuario. Para el ejercicio de sus derechos de acceso, rectificaci\u00f3n, supresi\u00f3n, limitaci\u00f3n u oposici\u00f3n, portabilidad y retirada de su consentimiento, puede hacerlo de la siguiente forma:<\/p>\n<p>Adem\u00e1s de los derechos que le asisten, si cree que sus datos no se est\u00e1n recabando o tratando conforme a la normativa vigente de Protecci\u00f3n de Datos, usted podr\u00e1 realizar una reclamaci\u00f3n ante la Autoridad de Control competente.<br \/>\nLa ley aplicable en caso de disputa o conflicto de interpretaci\u00f3n de los t\u00e9rminos que conforman este Aviso Legal, as\u00ed como cualquier cuesti\u00f3n relacionada con los servicios del presente Portal, ser\u00e1 la ley aplicable a la comunidad aut\u00f3noma Catalunya y en su defecto la ley estatal.<\/p>\n","protected":false},"excerpt":{"rendered":"AVISO LEGAL En cumplimiento con lo establecido en la Ley 34\/2002 de 11 de Julio, de Servicios de la Sociedad de la Informaci\u00f3n y el Comercio Electr\u00f3nico (LSSICE) informamos que : La propiedad y responsabilidad de esta web es de Associaci\u00f2 de guies de Girona, c\/Berenguer Carniser,3 , 17001 Girona con CIF G17561721. Telf 972&#8230; <a class=\"view-article\" href=\"https:\/\/guiesdegirona.com\/fr\/avis-juridique\/\">Voir l&rsquo;article<\/a>","protected":false},"author":9,"featured_media":1513,"parent":0,"menu_order":0,"comment_status":"closed","ping_status":"closed","template":"","meta":{"footnotes":""},"class_list":["post-2711","page","type-page","status-publish","has-post-thumbnail","hentry"],"_links":{"self":[{"href":"https:\/\/guiesdegirona.com\/fr\/wp-json\/wp\/v2\/pages\/2711","targetHints":{"allow":["GET"]}}],"collection":[{"href":"https:\/\/guiesdegirona.com\/fr\/wp-json\/wp\/v2\/pages"}],"about":[{"href":"https:\/\/guiesdegirona.com\/fr\/wp-json\/wp\/v2\/types\/page"}],"author":[{"embeddable":true,"href":"https:\/\/guiesdegirona.com\/fr\/wp-json\/wp\/v2\/users\/9"}],"replies":[{"embeddable":true,"href":"https:\/\/guiesdegirona.com\/fr\/wp-json\/wp\/v2\/comments?post=2711"}],"version-history":[{"count":2,"href":"https:\/\/guiesdegirona.com\/fr\/wp-json\/wp\/v2\/pages\/2711\/revisions"}],"predecessor-version":[{"id":2844,"href":"https:\/\/guiesdegirona.com\/fr\/wp-json\/wp\/v2\/pages\/2711\/revisions\/2844"}],"wp:featuredmedia":[{"embeddable":true,"href":"https:\/\/guiesdegirona.com\/fr\/wp-json\/wp\/v2\/media\/1513"}],"wp:attachment":[{"href":"https:\/\/guiesdegirona.com\/fr\/wp-json\/wp\/v2\/media?parent=2711"}],"curies":[{"name":"wp","href":"https:\/\/api.w.org\/{rel}","templated":true}]}}