{"id":1718,"date":"2018-01-03T09:01:40","date_gmt":"2018-01-03T08:01:40","guid":{"rendered":"https:\/\/guiesdegirona.com\/?page_id=1718"},"modified":"2018-03-12T08:27:09","modified_gmt":"2018-03-12T07:27:09","slug":"visites-guidees-pour-les-groupes-dentreperise","status":"publish","type":"page","link":"https:\/\/guiesdegirona.com\/fr\/visites-guidees-pour-les-groupes-dentreperise\/","title":{"rendered":"Visites guid\u00e9es pour les groupes d&rsquo;entreperise"},"content":{"rendered":"<div id=\"pl-1718\"  class=\"panel-layout\" ><div id=\"pg-1718-0\"  class=\"panel-grid panel-no-style\" ><div id=\"pgc-1718-0-0\"  class=\"panel-grid-cell\" ><div id=\"panel-1718-0-0-0\" class=\"so-panel widget widget_sow-editor panel-first-child panel-last-child\" data-index=\"0\" ><div class=\"wow fadeIn panel-widget-style panel-widget-style-for-1718-0-0-0\" data-wow-offset=\"10\" data-wow-iteration=\"1\" ><div\n\t\t\t\n\t\t\tclass=\"so-widget-sow-editor so-widget-sow-editor-base\"\n\t\t\t\n\t\t>\n<div class=\"siteorigin-widget-tinymce textwidget\">\n\t<p>Nous offrons des visites int\u00e9ressantes et de dur\u00e9es variables en fonction des besoins pens\u00e9es surtout pour d\u00e9couvrir la ville de G\u00e9rone et sa province entre r\u00e9unions et \u00e9v\u00e9nementiels professionnels.<\/p>\n<p>Nos guides s\u2019adaptent compl\u00e8tement aux n\u00e9cessit\u00e9s de chaque entreprise et ont une grande capacit\u00e9 d\u2019organisation et d\u2019improvisation toujours n\u00e9cessaires pour ce genre de groupes.<\/p>\n<p>Les visites peuvent inclure des entr\u00e9es aux monuments et une pause caf\u00e9 ou shopping\u2026<\/p>\n<\/div>\n<\/div><\/div><\/div><\/div><div id=\"pgc-1718-0-1\"  class=\"panel-grid-cell\" ><div id=\"panel-1718-0-1-0\" class=\"so-panel widget widget_sow-editor panel-first-child\" data-index=\"1\" ><div\n\t\t\t\n\t\t\tclass=\"so-widget-sow-editor so-widget-sow-editor-base\"\n\t\t\t\n\t\t><h2 class=\"widget-title\"><span>Voulez-vous nous contacter?<\/span><\/h2>\n<div class=\"siteorigin-widget-tinymce textwidget\">\n\t<\/div>\n<\/div><\/div><div id=\"panel-1718-0-1-1\" class=\"so-panel widget widget_sow-button panel-last-child\" data-index=\"2\" ><div\n\t\t\t\n\t\t\tclass=\"so-widget-sow-button so-widget-sow-button-atom-433ea8818268-1718\"\n\t\t\t\n\t\t><div class=\"ow-button-base ow-button-align-center\"\n>\n\t\t\t<a\n\t\t\t\t\thref=\"https:\/\/guiesdegirona.com\/fr\/contact\/\"\n\t\t\t\t\tclass=\"sowb-button ow-icon-placement-left ow-button-hover\" \t>\n\t\t<span>\n\t\t\t\n\t\t\tCliquez ici\t\t<\/span>\n\t\t\t<\/a>\n\t<\/div>\n<\/div><\/div><\/div><\/div><\/div>","protected":false},"excerpt":{"rendered":"Nous offrons des visites int\u00e9ressantes et de dur\u00e9es variables en fonction des besoins pens\u00e9es surtout pour d\u00e9couvrir la ville de G\u00e9rone et sa province entre r\u00e9unions et \u00e9v\u00e9nementiels professionnels. Nos guides s\u2019adaptent compl\u00e8tement aux n\u00e9cessit\u00e9s de chaque entreprise et ont une grande capacit\u00e9 d\u2019organisation et d\u2019improvisation toujours n\u00e9cessaires pour ce genre de groupes. Les visites&#8230; <a class=\"view-article\" href=\"https:\/\/guiesdegirona.com\/fr\/visites-guidees-pour-les-groupes-dentreperise\/\">Voir l&rsquo;article<\/a>","protected":false},"author":9,"featured_media":1226,"parent":0,"menu_order":0,"comment_status":"closed","ping_status":"closed","template":"","meta":{"footnotes":""},"class_list":["post-1718","page","type-page","status-publish","has-post-thumbnail","hentry"],"_links":{"self":[{"href":"https:\/\/guiesdegirona.com\/fr\/wp-json\/wp\/v2\/pages\/1718","targetHints":{"allow":["GET"]}}],"collection":[{"href":"https:\/\/guiesdegirona.com\/fr\/wp-json\/wp\/v2\/pages"}],"about":[{"href":"https:\/\/guiesdegirona.com\/fr\/wp-json\/wp\/v2\/types\/page"}],"author":[{"embeddable":true,"href":"https:\/\/guiesdegirona.com\/fr\/wp-json\/wp\/v2\/users\/9"}],"replies":[{"embeddable":true,"href":"https:\/\/guiesdegirona.com\/fr\/wp-json\/wp\/v2\/comments?post=1718"}],"version-history":[{"count":5,"href":"https:\/\/guiesdegirona.com\/fr\/wp-json\/wp\/v2\/pages\/1718\/revisions"}],"predecessor-version":[{"id":2206,"href":"https:\/\/guiesdegirona.com\/fr\/wp-json\/wp\/v2\/pages\/1718\/revisions\/2206"}],"wp:featuredmedia":[{"embeddable":true,"href":"https:\/\/guiesdegirona.com\/fr\/wp-json\/wp\/v2\/media\/1226"}],"wp:attachment":[{"href":"https:\/\/guiesdegirona.com\/fr\/wp-json\/wp\/v2\/media?parent=1718"}],"curies":[{"name":"wp","href":"https:\/\/api.w.org\/{rel}","templated":true}]}}