{"id":1710,"date":"2018-01-03T09:04:41","date_gmt":"2018-01-03T08:04:41","guid":{"rendered":"https:\/\/guiesdegirona.com\/?page_id=1710"},"modified":"2018-03-08T09:09:55","modified_gmt":"2018-03-08T08:09:55","slug":"visites-guidees-par-des-agences-voyages-transporteurs","status":"publish","type":"page","link":"https:\/\/guiesdegirona.com\/fr\/visites-guidees-par-des-agences-voyages-transporteurs\/","title":{"rendered":"Visites guid\u00e9es par des agences de voyages\/transporteurs"},"content":{"rendered":"<div id=\"pl-1710\"  class=\"panel-layout\" ><div id=\"pg-1710-0\"  class=\"panel-grid panel-no-style\" ><div id=\"pgc-1710-0-0\"  class=\"panel-grid-cell\" ><div id=\"panel-1710-0-0-0\" class=\"so-panel widget widget_sow-editor panel-first-child panel-last-child\" data-index=\"0\" ><div class=\"wow fadeIn panel-widget-style panel-widget-style-for-1710-0-0-0\" data-wow-offset=\"10\" data-wow-iteration=\"1\" ><div\n\t\t\t\n\t\t\tclass=\"so-widget-sow-editor so-widget-sow-editor-base\"\n\t\t\t\n\t\t>\n<div class=\"siteorigin-widget-tinymce textwidget\">\n\t<p>Nous sommes \u00e0 votre enti\u00e8re disposition afin que vos clients puissent r\u00e9aliser les exigences de vos programmes.<\/p>\n<p>En faisant appel \u00e0 nos services, vous pouvez nous demander des conseils pour la cr\u00e9ation de vos itin\u00e9raires.<\/p>\n<\/div>\n<\/div><\/div><\/div><\/div><div id=\"pgc-1710-0-1\"  class=\"panel-grid-cell\" ><div id=\"panel-1710-0-1-0\" class=\"so-panel widget widget_sow-editor panel-first-child\" data-index=\"1\" ><div\n\t\t\t\n\t\t\tclass=\"so-widget-sow-editor so-widget-sow-editor-base\"\n\t\t\t\n\t\t><h2 class=\"widget-title\"><span>Voulez-vous nous contacter?<\/span><\/h2>\n<div class=\"siteorigin-widget-tinymce textwidget\">\n\t<\/div>\n<\/div><\/div><div id=\"panel-1710-0-1-1\" class=\"so-panel widget widget_sow-button panel-last-child\" data-index=\"2\" ><div\n\t\t\t\n\t\t\tclass=\"so-widget-sow-button so-widget-sow-button-atom-433ea8818268-1710\"\n\t\t\t\n\t\t><div class=\"ow-button-base ow-button-align-center\"\n>\n\t\t\t<a\n\t\t\t\t\thref=\"https:\/\/guiesdegirona.com\/fr\/contact\/\"\n\t\t\t\t\tclass=\"sowb-button ow-icon-placement-left ow-button-hover\" \t>\n\t\t<span>\n\t\t\t\n\t\t\tCliquez ici\t\t<\/span>\n\t\t\t<\/a>\n\t<\/div>\n<\/div><\/div><\/div><\/div><\/div>","protected":false},"excerpt":{"rendered":"Nous sommes \u00e0 votre enti\u00e8re disposition afin que vos clients puissent r\u00e9aliser les exigences de vos programmes. En faisant appel \u00e0 nos services, vous pouvez nous demander des conseils pour la cr\u00e9ation de vos itin\u00e9raires.","protected":false},"author":9,"featured_media":1228,"parent":0,"menu_order":0,"comment_status":"closed","ping_status":"closed","template":"page-servicios.php","meta":{"footnotes":""},"class_list":["post-1710","page","type-page","status-publish","has-post-thumbnail","hentry"],"_links":{"self":[{"href":"https:\/\/guiesdegirona.com\/fr\/wp-json\/wp\/v2\/pages\/1710","targetHints":{"allow":["GET"]}}],"collection":[{"href":"https:\/\/guiesdegirona.com\/fr\/wp-json\/wp\/v2\/pages"}],"about":[{"href":"https:\/\/guiesdegirona.com\/fr\/wp-json\/wp\/v2\/types\/page"}],"author":[{"embeddable":true,"href":"https:\/\/guiesdegirona.com\/fr\/wp-json\/wp\/v2\/users\/9"}],"replies":[{"embeddable":true,"href":"https:\/\/guiesdegirona.com\/fr\/wp-json\/wp\/v2\/comments?post=1710"}],"version-history":[{"count":5,"href":"https:\/\/guiesdegirona.com\/fr\/wp-json\/wp\/v2\/pages\/1710\/revisions"}],"predecessor-version":[{"id":2014,"href":"https:\/\/guiesdegirona.com\/fr\/wp-json\/wp\/v2\/pages\/1710\/revisions\/2014"}],"wp:featuredmedia":[{"embeddable":true,"href":"https:\/\/guiesdegirona.com\/fr\/wp-json\/wp\/v2\/media\/1228"}],"wp:attachment":[{"href":"https:\/\/guiesdegirona.com\/fr\/wp-json\/wp\/v2\/media?parent=1710"}],"curies":[{"name":"wp","href":"https:\/\/api.w.org\/{rel}","templated":true}]}}