{"id":1706,"date":"2018-01-03T09:04:15","date_gmt":"2018-01-03T08:04:15","guid":{"rendered":"https:\/\/guiesdegirona.com\/?page_id=1706"},"modified":"2023-11-15T14:06:17","modified_gmt":"2023-11-15T13:06:17","slug":"visites-guidees-individuelles","status":"publish","type":"page","link":"https:\/\/guiesdegirona.com\/fr\/visites-guidees-individuelles\/","title":{"rendered":"Visites guid\u00e9es individuelles"},"content":{"rendered":"<div id=\"pl-1706\"  class=\"panel-layout\" ><div id=\"pg-1706-0\"  class=\"panel-grid panel-no-style\" ><div id=\"pgc-1706-0-0\"  class=\"panel-grid-cell\" ><div id=\"panel-1706-0-0-0\" class=\"so-panel widget widget_sow-editor panel-first-child panel-last-child\" data-index=\"0\" ><div class=\"wow fadeIn panel-widget-style panel-widget-style-for-1706-0-0-0\" data-wow-offset=\"10\" data-wow-iteration=\"1\" ><div\n\t\t\t\n\t\t\tclass=\"so-widget-sow-editor so-widget-sow-editor-base\"\n\t\t\t\n\t\t>\n<div class=\"siteorigin-widget-tinymce textwidget\">\n\t<p>L\u2019Association de Guies de G\u00e9rone offre des visites sur mesure,en fonction des go\u00fbts et des int\u00e9r\u00eats de chacun. Profitez d\u2019une visite priv\u00e9e, sans h\u00e2te ni file d'attente, que se soit de la Cit\u00e9 de G\u00e9rone ou d'un autre endroit de la province.<\/p>\n<\/div>\n<\/div><\/div><\/div><\/div><div id=\"pgc-1706-0-1\"  class=\"panel-grid-cell\" ><div id=\"panel-1706-0-1-0\" class=\"so-panel widget widget_sow-editor panel-first-child\" data-index=\"1\" ><div\n\t\t\t\n\t\t\tclass=\"so-widget-sow-editor so-widget-sow-editor-base\"\n\t\t\t\n\t\t><h2 class=\"widget-title\"><span>Voulez-vous nous contacter?<\/span><\/h2>\n<div class=\"siteorigin-widget-tinymce textwidget\">\n\t<\/div>\n<\/div><\/div><div id=\"panel-1706-0-1-1\" class=\"so-panel widget widget_sow-button panel-last-child\" data-index=\"2\" ><div\n\t\t\t\n\t\t\tclass=\"so-widget-sow-button so-widget-sow-button-atom-433ea8818268-1706\"\n\t\t\t\n\t\t><div class=\"ow-button-base ow-button-align-center\"\n>\n\t\t\t<a\n\t\t\t\t\thref=\"https:\/\/guiesdegirona.com\/fr\/contact\/\"\n\t\t\t\t\tclass=\"sowb-button ow-icon-placement-left ow-button-hover\" \t>\n\t\t<span>\n\t\t\t\n\t\t\tCliquez ici\t\t<\/span>\n\t\t\t<\/a>\n\t<\/div>\n<\/div><\/div><\/div><\/div><\/div>","protected":false},"excerpt":{"rendered":"L\u2019Association de Guies de G\u00e9rone offre des visites sur mesure,en fonction des go\u00fbts et des int\u00e9r\u00eats de chacun. Profitez d\u2019une visite priv\u00e9e, sans h\u00e2te ni file d&rsquo;attente, que se soit de la Cit\u00e9 de G\u00e9rone ou d&rsquo;un autre endroit de la province.","protected":false},"author":9,"featured_media":1224,"parent":0,"menu_order":0,"comment_status":"closed","ping_status":"closed","template":"","meta":{"footnotes":""},"class_list":["post-1706","page","type-page","status-publish","has-post-thumbnail","hentry"],"_links":{"self":[{"href":"https:\/\/guiesdegirona.com\/fr\/wp-json\/wp\/v2\/pages\/1706","targetHints":{"allow":["GET"]}}],"collection":[{"href":"https:\/\/guiesdegirona.com\/fr\/wp-json\/wp\/v2\/pages"}],"about":[{"href":"https:\/\/guiesdegirona.com\/fr\/wp-json\/wp\/v2\/types\/page"}],"author":[{"embeddable":true,"href":"https:\/\/guiesdegirona.com\/fr\/wp-json\/wp\/v2\/users\/9"}],"replies":[{"embeddable":true,"href":"https:\/\/guiesdegirona.com\/fr\/wp-json\/wp\/v2\/comments?post=1706"}],"version-history":[{"count":5,"href":"https:\/\/guiesdegirona.com\/fr\/wp-json\/wp\/v2\/pages\/1706\/revisions"}],"predecessor-version":[{"id":5434,"href":"https:\/\/guiesdegirona.com\/fr\/wp-json\/wp\/v2\/pages\/1706\/revisions\/5434"}],"wp:featuredmedia":[{"embeddable":true,"href":"https:\/\/guiesdegirona.com\/fr\/wp-json\/wp\/v2\/media\/1224"}],"wp:attachment":[{"href":"https:\/\/guiesdegirona.com\/fr\/wp-json\/wp\/v2\/media?parent=1706"}],"curies":[{"name":"wp","href":"https:\/\/api.w.org\/{rel}","templated":true}]}}