{"id":1699,"date":"2018-01-03T09:02:41","date_gmt":"2018-01-03T08:02:41","guid":{"rendered":"https:\/\/guiesdegirona.com\/?page_id=1699"},"modified":"2018-03-08T09:11:55","modified_gmt":"2018-03-08T08:11:55","slug":"visites-guidees-pour-groupes-prives","status":"publish","type":"page","link":"https:\/\/guiesdegirona.com\/fr\/visites-guidees-pour-groupes-prives\/","title":{"rendered":"Visites guid\u00e9es pour groupes priv\u00e9s"},"content":{"rendered":"<div id=\"pl-1699\"  class=\"panel-layout\" ><div id=\"pg-1699-0\"  class=\"panel-grid panel-no-style\" ><div id=\"pgc-1699-0-0\"  class=\"panel-grid-cell\" ><div id=\"panel-1699-0-0-0\" class=\"so-panel widget widget_sow-editor panel-first-child panel-last-child\" data-index=\"0\" ><div class=\"wow fadeIn panel-widget-style panel-widget-style-for-1699-0-0-0\" data-wow-offset=\"10\" data-wow-iteration=\"1\" ><div\n\t\t\t\n\t\t\tclass=\"so-widget-sow-editor so-widget-sow-editor-base\"\n\t\t\t\n\t\t>\n<div class=\"siteorigin-widget-tinymce textwidget\">\n\t<p>En fonction de la dur\u00e9e de votre s\u00e9jour, nos visites peuvent vari\u00e9es d\u2019une br\u00e8ve visite panoramique de la ville \u00e0 diverses routes de plusieurs jours pour d\u00e9couvrir la province en profondeur. Nos guides s\u2019adaptent \u00e0 vos besoins.<\/p>\n<p>Si vous avez d\u00e9j\u00e0 un programme, vous pouvez nous consulter pour la viabilit\u00e9 de votre projet en fonction des horaires des entr\u00e9es et du temps de transport en fonction de l\u2019\u00e9poque de l\u2019ann\u00e9e.<\/p>\n<\/div>\n<\/div><\/div><\/div><\/div><div id=\"pgc-1699-0-1\"  class=\"panel-grid-cell\" ><div id=\"panel-1699-0-1-0\" class=\"so-panel widget widget_sow-editor panel-first-child\" data-index=\"1\" ><div\n\t\t\t\n\t\t\tclass=\"so-widget-sow-editor so-widget-sow-editor-base\"\n\t\t\t\n\t\t><h2 class=\"widget-title\"><span>Voulez-vous nous contacter?<\/span><\/h2>\n<div class=\"siteorigin-widget-tinymce textwidget\">\n\t<\/div>\n<\/div><\/div><div id=\"panel-1699-0-1-1\" class=\"so-panel widget widget_sow-button panel-last-child\" data-index=\"2\" ><div\n\t\t\t\n\t\t\tclass=\"so-widget-sow-button so-widget-sow-button-atom-433ea8818268-1699\"\n\t\t\t\n\t\t><div class=\"ow-button-base ow-button-align-center\"\n>\n\t\t\t<a\n\t\t\t\t\thref=\"https:\/\/guiesdegirona.com\/fr\/contact\/\"\n\t\t\t\t\tclass=\"sowb-button ow-icon-placement-left ow-button-hover\" \t>\n\t\t<span>\n\t\t\t\n\t\t\tCliquez ici\t\t<\/span>\n\t\t\t<\/a>\n\t<\/div>\n<\/div><\/div><\/div><\/div><\/div>","protected":false},"excerpt":{"rendered":"En fonction de la dur\u00e9e de votre s\u00e9jour, nos visites peuvent vari\u00e9es d\u2019une br\u00e8ve visite panoramique de la ville \u00e0 diverses routes de plusieurs jours pour d\u00e9couvrir la province en profondeur. Nos guides s\u2019adaptent \u00e0 vos besoins. Si vous avez d\u00e9j\u00e0 un programme, vous pouvez nous consulter pour la viabilit\u00e9 de votre projet en fonction&#8230; <a class=\"view-article\" href=\"https:\/\/guiesdegirona.com\/fr\/visites-guidees-pour-groupes-prives\/\">Voir l&rsquo;article<\/a>","protected":false},"author":9,"featured_media":1482,"parent":0,"menu_order":0,"comment_status":"closed","ping_status":"closed","template":"page-servicios.php","meta":{"footnotes":""},"class_list":["post-1699","page","type-page","status-publish","has-post-thumbnail","hentry"],"_links":{"self":[{"href":"https:\/\/guiesdegirona.com\/fr\/wp-json\/wp\/v2\/pages\/1699","targetHints":{"allow":["GET"]}}],"collection":[{"href":"https:\/\/guiesdegirona.com\/fr\/wp-json\/wp\/v2\/pages"}],"about":[{"href":"https:\/\/guiesdegirona.com\/fr\/wp-json\/wp\/v2\/types\/page"}],"author":[{"embeddable":true,"href":"https:\/\/guiesdegirona.com\/fr\/wp-json\/wp\/v2\/users\/9"}],"replies":[{"embeddable":true,"href":"https:\/\/guiesdegirona.com\/fr\/wp-json\/wp\/v2\/comments?post=1699"}],"version-history":[{"count":6,"href":"https:\/\/guiesdegirona.com\/fr\/wp-json\/wp\/v2\/pages\/1699\/revisions"}],"predecessor-version":[{"id":2018,"href":"https:\/\/guiesdegirona.com\/fr\/wp-json\/wp\/v2\/pages\/1699\/revisions\/2018"}],"wp:featuredmedia":[{"embeddable":true,"href":"https:\/\/guiesdegirona.com\/fr\/wp-json\/wp\/v2\/media\/1482"}],"wp:attachment":[{"href":"https:\/\/guiesdegirona.com\/fr\/wp-json\/wp\/v2\/media?parent=1699"}],"curies":[{"name":"wp","href":"https:\/\/api.w.org\/{rel}","templated":true}]}}