{"id":1637,"date":"2014-01-27T14:02:05","date_gmt":"2014-01-27T13:02:05","guid":{"rendered":"https:\/\/guiesdegirona.com\/?page_id=1637"},"modified":"2025-02-12T12:49:40","modified_gmt":"2025-02-12T11:49:40","slug":"qui-sommes-nous","status":"publish","type":"page","link":"https:\/\/guiesdegirona.com\/fr\/qui-sommes-nous\/","title":{"rendered":"Qui sommes nous?"},"content":{"rendered":"<div id=\"pl-1637\"  class=\"panel-layout\" ><div id=\"pg-1637-0\"  class=\"panel-grid panel-no-style\" ><div id=\"pgc-1637-0-0\"  class=\"panel-grid-cell\" ><div id=\"panel-1637-0-0-0\" class=\"so-panel widget widget_sow-editor panel-first-child panel-last-child\" data-index=\"0\" ><div\n\t\t\t\n\t\t\tclass=\"so-widget-sow-editor so-widget-sow-editor-base\"\n\t\t\t\n\t\t><h2 class=\"widget-title\"><span>Qui sommes nous?<\/span><\/h2>\n<div class=\"siteorigin-widget-tinymce textwidget\">\n\t<p><img loading=\"lazy\" decoding=\"async\" width=\"250\" height=\"165\" src=\"https:\/\/guiesdegirona.com\/wp-content\/uploads\/2025\/02\/Quim-250x165.jpeg\" alt=\"\" class=\"alignnone size-medium wp-image-7665\" srcset=\"https:\/\/guiesdegirona.com\/wp-content\/uploads\/2025\/02\/Quim-250x165.jpeg 250w, https:\/\/guiesdegirona.com\/wp-content\/uploads\/2025\/02\/Quim-768x506.jpeg 768w, https:\/\/guiesdegirona.com\/wp-content\/uploads\/2025\/02\/Quim-700x461.jpeg 700w, https:\/\/guiesdegirona.com\/wp-content\/uploads\/2025\/02\/Quim-120x79.jpeg 120w, https:\/\/guiesdegirona.com\/wp-content\/uploads\/2025\/02\/Quim-500x330.jpeg 500w, https:\/\/guiesdegirona.com\/wp-content\/uploads\/2025\/02\/Quim.jpeg 2048w\" sizes=\"auto, (max-width: 250px) 100vw, 250px\" \/><\/p>\n<div class=\"siteorigin-widget-tinymce textwidget\">\n<p style=\"text-align: center;\">Nous Sommes L'ASSOCIATION de GUIDES OFFICIELS de G\u00c9RONE\u00a0\u00a0<\/p>\n<p>Nous sommes des guides professionnels. Choisir un de nos guides c\u2019est choisir l\u2019information compl\u00e8te et exacte. Notre formation et mise \u00e0 jour sont la garantie d\u2019un bon service. C\u2019est choisir pour l\u2019Authenticit\u00e9,\u00a0quoi de mieux qu\u2019un local pour vous donner les bonnes adresses ! L\u2019Adaptabilit\u00e9 c\u2019est avant tout pouvoir proposer un programme adapt\u00e9 en fonction des sp\u00e9cificit\u00e9s de chacun la visite peut \u00eatre orient\u00e9e selon vos expectatives.<\/p>\n<p>Les guides touristiques officiels ont des certifications qui en cas de probl\u00e8mes, sont basiques pour votre s\u00e9curit\u00e9. \u00a0<\/p>\n<p>Faire appel \u00e0 un guide touristique professionnel c\u2019est encourager les habitants \u00e0 suivre des formations et pouvoir travailler sur leur lieu de vie, tout en soutenant l\u2019\u00e9conomie locale. C\u2019est \u00eatre un passeur de culture.<\/p>\n<p>\u00a0<\/p>\n<p><img loading=\"lazy\" decoding=\"async\" width=\"250\" height=\"445\" class=\"alignnone size-medium wp-image-7596\" src=\"https:\/\/guiesdegirona.com\/wp-content\/uploads\/2025\/02\/Oficials-1-250x445.jpg\" alt=\"\" srcset=\"https:\/\/guiesdegirona.com\/wp-content\/uploads\/2025\/02\/Oficials-1-250x445.jpg 250w, https:\/\/guiesdegirona.com\/wp-content\/uploads\/2025\/02\/Oficials-1-768x1366.jpg 768w, https:\/\/guiesdegirona.com\/wp-content\/uploads\/2025\/02\/Oficials-1-700x1245.jpg 700w, https:\/\/guiesdegirona.com\/wp-content\/uploads\/2025\/02\/Oficials-1-120x213.jpg 120w, https:\/\/guiesdegirona.com\/wp-content\/uploads\/2025\/02\/Oficials-1-500x889.jpg 500w, https:\/\/guiesdegirona.com\/wp-content\/uploads\/2025\/02\/Oficials-1.jpg 899w\" sizes=\"auto, (max-width: 250px) 100vw, 250px\" \/><img loading=\"lazy\" decoding=\"async\" width=\"250\" height=\"445\" class=\"alignnone size-medium wp-image-7597\" src=\"https:\/\/guiesdegirona.com\/wp-content\/uploads\/2025\/02\/Guies-O.-2-250x445.jpg\" alt=\"\" srcset=\"https:\/\/guiesdegirona.com\/wp-content\/uploads\/2025\/02\/Guies-O.-2-250x445.jpg 250w, https:\/\/guiesdegirona.com\/wp-content\/uploads\/2025\/02\/Guies-O.-2-768x1366.jpg 768w, https:\/\/guiesdegirona.com\/wp-content\/uploads\/2025\/02\/Guies-O.-2-700x1245.jpg 700w, https:\/\/guiesdegirona.com\/wp-content\/uploads\/2025\/02\/Guies-O.-2-120x213.jpg 120w, https:\/\/guiesdegirona.com\/wp-content\/uploads\/2025\/02\/Guies-O.-2-500x889.jpg 500w, https:\/\/guiesdegirona.com\/wp-content\/uploads\/2025\/02\/Guies-O.-2.jpg 899w\" sizes=\"auto, (max-width: 250px) 100vw, 250px\" \/><\/p>\n<hr \/>\n<\/div>\n<\/div>\n<\/div><\/div><\/div><\/div><div id=\"pg-1637-1\"  class=\"panel-grid panel-no-style\" ><div id=\"pgc-1637-1-0\"  class=\"panel-grid-cell\" ><div id=\"panel-1637-1-0-0\" class=\"so-panel widget widget_sow-image panel-first-child panel-last-child\" data-index=\"1\" ><div\n\t\t\t\n\t\t\tclass=\"so-widget-sow-image so-widget-sow-image-default-c67d20f9f743-1637\"\n\t\t\t\n\t\t>\n<div class=\"sow-image-container\">\n\t\t<img \n\tsrc=\"https:\/\/guiesdegirona.com\/wp-content\/uploads\/2025\/02\/AGG-FOTO-1-768x576.jpeg\" width=\"768\" height=\"576\" srcset=\"https:\/\/guiesdegirona.com\/wp-content\/uploads\/2025\/02\/AGG-FOTO-1-768x576.jpeg 768w, https:\/\/guiesdegirona.com\/wp-content\/uploads\/2025\/02\/AGG-FOTO-1-250x188.jpeg 250w, https:\/\/guiesdegirona.com\/wp-content\/uploads\/2025\/02\/AGG-FOTO-1-700x525.jpeg 700w, https:\/\/guiesdegirona.com\/wp-content\/uploads\/2025\/02\/AGG-FOTO-1-120x90.jpeg 120w, https:\/\/guiesdegirona.com\/wp-content\/uploads\/2025\/02\/AGG-FOTO-1-500x375.jpeg 500w\" sizes=\"(max-width: 768px) 100vw, 768px\" title=\"AGG FOTO 1\" alt=\"\" \t\tclass=\"so-widget-image\"\/>\n\t<\/div>\n\n<\/div><\/div><\/div><div id=\"pgc-1637-1-1\"  class=\"panel-grid-cell\" ><div id=\"panel-1637-1-1-0\" class=\"so-panel widget widget_sow-editor panel-first-child panel-last-child\" data-index=\"2\" ><div\n\t\t\t\n\t\t\tclass=\"so-widget-sow-editor so-widget-sow-editor-base\"\n\t\t\t\n\t\t>\n<div class=\"siteorigin-widget-tinymce textwidget\">\n\t<p>Nous sommes une association de Guides et Interpr\u00e8tes Officiels du patrimoine historique et artistique de G\u00e9rone et sa province.<\/p>\n<p>Tous nos membres sont des professionnels bien form\u00e9s, asserment\u00e9s par la Generalitat de Catalogne.<\/p>\n<p>Nous sommes passionn\u00e9s par l'art, l'histoire, l'architecture, la culture et la gastronomie. Et pour cette raison nous sommes de mani\u00e8re continue en formations et en partage d'informations afin d'augmenter, actualiser et diversifier nos connaissances.<br \/> Nous adorons recevoir nos visiteurs, faire d\u00e9couvrir ce que notre territoire offre de plus attractif, et le commenter tout en donnant le meilleur de nous-m\u00eames car nous ressentons que l'univers du guidage est en lui m\u00eame riche et fascinant.<\/p>\n<\/div>\n<\/div><\/div><\/div><\/div><div id=\"pg-1637-2\"  class=\"panel-grid panel-no-style\" ><div id=\"pgc-1637-2-0\"  class=\"panel-grid-cell\" ><div id=\"panel-1637-2-0-0\" class=\"so-panel widget widget_sow-editor panel-first-child panel-last-child\" data-index=\"3\" ><div\n\t\t\t\n\t\t\tclass=\"so-widget-sow-editor so-widget-sow-editor-base\"\n\t\t\t\n\t\t><h2 class=\"widget-title\"><span>Que faisons nous?<\/span><\/h2>\n<div class=\"siteorigin-widget-tinymce textwidget\">\n\t<p>Les guides touristiques qui sont membres de l'Association des Guides de G\u00e9rone, nous veillons \u00e0 la bonne pratique de ce m\u00e9tier, entre autre, en organisant des formations continues pour augmenter et actualiser nos connaissances. Nous sommes \u00e0 jour de l'agenda culturel de notre territoire et surtout, nous aimons notre pays et nous avons tr\u00e8s envie de le faire conna\u00eetre.<\/p>\n<p>Les diff\u00e9rents profils de guides de l'association (niveau et sp\u00e9cialit\u00e9 d'\u00e9tudes, connaissances, comp\u00e9tences et int\u00e9r\u00eats) permettent de vous offrir des guides sp\u00e9cifiques \u00e0 chaque type de visites (Culturelles, de nature, gastronomique, d'\u00e9notourisme, visites th\u00e9\u00e2tralis\u00e9es,...) et pour tous genres de public (particuliers, familles, groupes, \u00e9coles, instituts, associations, entreprises...)<\/p>\n<\/div>\n<\/div><\/div><\/div><\/div><\/div>","protected":false},"excerpt":{"rendered":"Nous Sommes L&rsquo;ASSOCIATION de GUIDES OFFICIELS de G\u00c9RONE\u00a0\u00a0 Nous sommes des guides professionnels. Choisir un de nos guides c\u2019est choisir l\u2019information compl\u00e8te et exacte. Notre formation et mise \u00e0 jour sont la garantie d\u2019un bon service. C\u2019est choisir pour l\u2019Authenticit\u00e9,\u00a0quoi de mieux qu\u2019un local pour vous donner les bonnes adresses ! L\u2019Adaptabilit\u00e9 c\u2019est avant tout&#8230; <a class=\"view-article\" href=\"https:\/\/guiesdegirona.com\/fr\/qui-sommes-nous\/\">Voir l&rsquo;article<\/a>","protected":false},"author":9,"featured_media":0,"parent":0,"menu_order":0,"comment_status":"open","ping_status":"open","template":"page-paginas.php","meta":{"footnotes":""},"class_list":["post-1637","page","type-page","status-publish","hentry"],"_links":{"self":[{"href":"https:\/\/guiesdegirona.com\/fr\/wp-json\/wp\/v2\/pages\/1637","targetHints":{"allow":["GET"]}}],"collection":[{"href":"https:\/\/guiesdegirona.com\/fr\/wp-json\/wp\/v2\/pages"}],"about":[{"href":"https:\/\/guiesdegirona.com\/fr\/wp-json\/wp\/v2\/types\/page"}],"author":[{"embeddable":true,"href":"https:\/\/guiesdegirona.com\/fr\/wp-json\/wp\/v2\/users\/9"}],"replies":[{"embeddable":true,"href":"https:\/\/guiesdegirona.com\/fr\/wp-json\/wp\/v2\/comments?post=1637"}],"version-history":[{"count":7,"href":"https:\/\/guiesdegirona.com\/fr\/wp-json\/wp\/v2\/pages\/1637\/revisions"}],"predecessor-version":[{"id":7699,"href":"https:\/\/guiesdegirona.com\/fr\/wp-json\/wp\/v2\/pages\/1637\/revisions\/7699"}],"wp:attachment":[{"href":"https:\/\/guiesdegirona.com\/fr\/wp-json\/wp\/v2\/media?parent=1637"}],"curies":[{"name":"wp","href":"https:\/\/api.w.org\/{rel}","templated":true}]}}