{"id":1612,"date":"2014-01-27T14:00:38","date_gmt":"2014-01-27T13:00:38","guid":{"rendered":"https:\/\/guiesdegirona.com\/?page_id=1612"},"modified":"2022-08-29T18:30:02","modified_gmt":"2022-08-29T16:30:02","slug":"contact","status":"publish","type":"page","link":"https:\/\/guiesdegirona.com\/fr\/contact\/","title":{"rendered":"Contact"},"content":{"rendered":"<div id=\"pl-1612\"  class=\"panel-layout\" ><div id=\"pg-1612-0\"  class=\"panel-grid panel-has-style\" ><div class=\"siteorigin-panels-stretch panel-row-style panel-row-style-for-1612-0\" data-stretch-type=\"full-stretched\" ><div id=\"pgc-1612-0-0\"  class=\"panel-grid-cell\" ><div id=\"panel-1612-0-0-0\" class=\"so-panel widget widget_sow-google-map panel-first-child panel-last-child\" data-index=\"0\" ><div\n\t\t\t\n\t\t\tclass=\"so-widget-sow-google-map so-widget-sow-google-map-default-6b23895f316e-1612\"\n\t\t\t\n\t\t>\n<div class=\"sow-google-map-canvas\"\n\tstyle=\"\"\n\tid=\"map-canvas-5e9325b633fdc03d80e67a7a7cc7b9c8\"\n\tdata-options=\"{&quot;address&quot;:&quot;Berenguer Carnicer 3, Girona&quot;,&quot;zoom&quot;:17,&quot;mobileZoom&quot;:17,&quot;gestureHandling&quot;:&quot;none&quot;,&quot;disableUi&quot;:false,&quot;markerIcon&quot;:false,&quot;markersDraggable&quot;:false,&quot;markerAtCenter&quot;:true,&quot;markerInfoDisplay&quot;:&quot;click&quot;,&quot;markerInfoMultiple&quot;:true,&quot;markerPositions&quot;:false,&quot;mapName&quot;:&quot;Carte personnalis\\u00e9e&quot;,&quot;mapStyles&quot;:[{&quot;featureType&quot;:&quot;poi.attraction&quot;,&quot;elementType&quot;:&quot;geometry&quot;,&quot;stylers&quot;:[{&quot;visibility&quot;:true},{&quot;color&quot;:&quot;off&quot;}]}],&quot;directions&quot;:&quot;&quot;,&quot;apiKey&quot;:&quot;AIzaSyAx3xj1Lj-z3-B6nFqQDvRDGQvdUr2wqjg&quot;,&quot;breakpoint&quot;:780}\"\n\tdata-fallback-image=\"{&quot;img&quot;:&quot;&quot;}\"><\/div>\n<\/div><\/div><\/div><\/div><\/div><div id=\"pg-1612-1\"  class=\"panel-grid panel-no-style\" ><div id=\"pgc-1612-1-0\"  class=\"panel-grid-cell\" ><div id=\"panel-1612-1-0-0\" class=\"so-panel widget widget_sow-editor panel-first-child panel-last-child\" data-index=\"1\" ><div\n\t\t\t\n\t\t\tclass=\"so-widget-sow-editor so-widget-sow-editor-base\"\n\t\t\t\n\t\t>\n<div class=\"siteorigin-widget-tinymce textwidget\">\n\t<h3>Informations de contact<\/h3>\n<p>Associaci\u00f3 Guies de Girona - Punt de Benvinguda<br \/>C\/ Berenguer Carnicer, 3<br \/>17001 Girona<strong><br \/><\/strong> 972 21 16 78 - 674 955 805<strong><br \/><\/strong>Du lundi au vendredi de 9h00 \u00e0 15h00 et<strong><br \/><\/strong><\/p>\n<p><a href=\"mailto:puntdebenvinguda@ajgirona.cat\"><strong>puntdebenvinguda@ajgirona.cat<\/strong><\/a><\/p>\n<\/div>\n<\/div><\/div><\/div><div id=\"pgc-1612-1-1\"  class=\"panel-grid-cell\" ><div id=\"panel-1612-1-1-0\" class=\"so-panel widget widget_sow-editor panel-first-child panel-last-child\" data-index=\"2\" ><div\n\t\t\t\n\t\t\tclass=\"so-widget-sow-editor so-widget-sow-editor-base\"\n\t\t\t\n\t\t>\n<div class=\"siteorigin-widget-tinymce textwidget\">\n\t<p>Pour demander des informations, remplissez le formulaire suivant. Si vous pr\u00e9f\u00e9rez, vous pouvez \u00e9galement nous contacter par t\u00e9l\u00e9phone ou en nous envoyant un e-mail.<br \/>\n<div class=\"wpcf7 no-js\" id=\"wpcf7-f1544-o1\" lang=\"es-ES\" dir=\"ltr\" data-wpcf7-id=\"1544\">\n<div class=\"screen-reader-response\"><p role=\"status\" aria-live=\"polite\" aria-atomic=\"true\"><\/p> <ul><\/ul><\/div>\n<form action=\"\/fr\/wp-json\/wp\/v2\/pages\/1612#wpcf7-f1544-o1\" method=\"post\" class=\"wpcf7-form init\" aria-label=\"Formulario de contacto\" novalidate=\"novalidate\" data-status=\"init\">\n<fieldset class=\"hidden-fields-container\"><input type=\"hidden\" name=\"_wpcf7\" value=\"1544\" \/><input type=\"hidden\" name=\"_wpcf7_version\" value=\"6.1.5\" \/><input type=\"hidden\" name=\"_wpcf7_locale\" value=\"es_ES\" \/><input type=\"hidden\" name=\"_wpcf7_unit_tag\" value=\"wpcf7-f1544-o1\" \/><input type=\"hidden\" name=\"_wpcf7_container_post\" value=\"0\" \/><input type=\"hidden\" name=\"_wpcf7_posted_data_hash\" value=\"\" \/>\n<\/fieldset>\n<p><span class=\"wpcf7-form-control-wrap\" data-name=\"your-name\"><input size=\"40\" maxlength=\"400\" class=\"wpcf7-form-control wpcf7-text wpcf7-validates-as-required\" aria-required=\"true\" aria-invalid=\"false\" value=\"Nom\" type=\"text\" name=\"your-name\" \/><\/span>\n<\/p>\n<p><span class=\"wpcf7-form-control-wrap\" data-name=\"your-email\"><input size=\"40\" maxlength=\"400\" class=\"wpcf7-form-control wpcf7-email wpcf7-validates-as-required wpcf7-text wpcf7-validates-as-email\" aria-required=\"true\" aria-invalid=\"false\" value=\"email\" type=\"email\" name=\"your-email\" \/><\/span>\n<\/p>\n<p><span class=\"wpcf7-form-control-wrap\" data-name=\"your-subject\"><textarea cols=\"40\" rows=\"10\" maxlength=\"2000\" class=\"wpcf7-form-control wpcf7-textarea wpcf7-validates-as-required\" aria-required=\"true\" aria-invalid=\"false\" name=\"your-subject\">Message<\/textarea><\/span>\n<\/p>\n<p class=\"acepto\"><span class=\"wpcf7-form-control-wrap\" data-name=\"acceptance-645\"><span class=\"wpcf7-form-control wpcf7-acceptance\"><span class=\"wpcf7-list-item\"><label><input type=\"checkbox\" name=\"acceptance-645\" value=\"1\" aria-invalid=\"false\" \/><span class=\"wpcf7-list-item-label\">J'ai lu et accepte <a href=\"https:\/\/guiesdegirona.com\/fr\/avis-juridique\/\">l'Avis juridique<\/a><\/span><\/label><\/span><\/span><\/span>\n<\/p>\n<p><input class=\"wpcf7-form-control wpcf7-submit has-spinner\" type=\"submit\" value=\"Envoyer\" \/>\n<\/p>\n<div style=\"text-align: left; border: 1px solid silver; background: #f1f1f1; padding: 30px; margin-top: 30px; font-size: 11px\">\n\t<p>INFORMATIONS DE BASE SUR LA PROTECTION DES DONN\u00c9ES<br \/>\nRESPONSABLE: Associaci\u00f3 de Guies de Girona<br \/>\nOBJET DES DONN\u00c9ES: Gestion de l'envoi d'informations et de la prospection commerciale<br \/>\nL\u00c9GITIMATION: Consentement de l'int\u00e9ress\u00e9<br \/>\nB\u00c9N\u00c9FICIAIRES: Fournisseurs et soci\u00e9t\u00e9s de traitement<br \/>\nDROITS: Acc\u00e9der aux donn\u00e9es, les rectifier et les supprimer, ainsi que les autres droits expliqu\u00e9s dans les informations suppl\u00e9mentaires.<br \/>\nINFORMATIONS COMPLEMENTAIRES: Vous pouvez consulter les informations compl\u00e9mentaires d\u00e9taill\u00e9es sur la protection des donn\u00e9es dans cette <a href=\"https:\/\/guiesdegirona.com\/fr\/avis-juridique\/\" target=\"_blank\">link<\/a>\n\t<\/p>\n<\/div><div class=\"wpcf7-response-output\" aria-hidden=\"true\"><\/div>\n<\/form>\n<\/div>\n<\/p>\n<\/div>\n<\/div><\/div><\/div><\/div><\/div>","protected":false},"excerpt":{"rendered":"Informations de contact Associaci\u00f3 Guies de Girona &#8211; Punt de BenvingudaC\/ Berenguer Carnicer, 317001 Girona 972 21 16 78 &#8211; 674 955 805Du lundi au vendredi de 9h00 \u00e0 15h00 et puntdebenvinguda@ajgirona.cat Pour demander des informations, remplissez le formulaire suivant. Si vous pr\u00e9f\u00e9rez, vous pouvez \u00e9galement nous contacter par t\u00e9l\u00e9phone ou en nous envoyant un&#8230; <a class=\"view-article\" href=\"https:\/\/guiesdegirona.com\/fr\/contact\/\">Voir l&rsquo;article<\/a>","protected":false},"author":9,"featured_media":0,"parent":0,"menu_order":0,"comment_status":"open","ping_status":"open","template":"page-paginas.php","meta":{"footnotes":""},"class_list":["post-1612","page","type-page","status-publish","hentry"],"_links":{"self":[{"href":"https:\/\/guiesdegirona.com\/fr\/wp-json\/wp\/v2\/pages\/1612","targetHints":{"allow":["GET"]}}],"collection":[{"href":"https:\/\/guiesdegirona.com\/fr\/wp-json\/wp\/v2\/pages"}],"about":[{"href":"https:\/\/guiesdegirona.com\/fr\/wp-json\/wp\/v2\/types\/page"}],"author":[{"embeddable":true,"href":"https:\/\/guiesdegirona.com\/fr\/wp-json\/wp\/v2\/users\/9"}],"replies":[{"embeddable":true,"href":"https:\/\/guiesdegirona.com\/fr\/wp-json\/wp\/v2\/comments?post=1612"}],"version-history":[{"count":6,"href":"https:\/\/guiesdegirona.com\/fr\/wp-json\/wp\/v2\/pages\/1612\/revisions"}],"predecessor-version":[{"id":4377,"href":"https:\/\/guiesdegirona.com\/fr\/wp-json\/wp\/v2\/pages\/1612\/revisions\/4377"}],"wp:attachment":[{"href":"https:\/\/guiesdegirona.com\/fr\/wp-json\/wp\/v2\/media?parent=1612"}],"curies":[{"name":"wp","href":"https:\/\/api.w.org\/{rel}","templated":true}]}}