{"id":142,"date":"2018-01-03T08:57:02","date_gmt":"2018-01-03T07:57:02","guid":{"rendered":"https:\/\/guiesdegirona.com\/inici\/"},"modified":"2025-04-16T15:38:55","modified_gmt":"2025-04-16T13:38:55","slug":"inici","status":"publish","type":"page","link":"https:\/\/guiesdegirona.com\/fr\/","title":{"rendered":"Home"},"content":{"rendered":"<div id=\"pl-142\"  class=\"panel-layout\" ><div id=\"pg-142-0\"  class=\"panel-grid panel-has-style\" ><div class=\"siteorigin-panels-stretch panel-row-style panel-row-style-for-142-0\" data-stretch-type=\"full-width-stretch\" ><div id=\"pgc-142-0-0\"  class=\"panel-grid-cell\" ><div id=\"panel-142-0-0-0\" class=\"so-panel widget widget_sow-layout-slider panel-first-child panel-last-child\" data-index=\"0\" ><div\n\t\t\t\n\t\t\tclass=\"so-widget-sow-layout-slider so-widget-sow-layout-slider-default-4ad43b65cb93-142\"\n\t\t\t\n\t\t>\t\t\t\t<div class=\"sow-slider-base\" style=\"display: none\" tabindex=\"0\">\n\t\t\t\t\t<ul\n\t\t\t\t\tclass=\"sow-slider-images\"\n\t\t\t\t\tdata-settings=\"{&quot;pagination&quot;:true,&quot;speed&quot;:400,&quot;timeout&quot;:8000,&quot;paused&quot;:false,&quot;pause_on_hover&quot;:false,&quot;swipe&quot;:true,&quot;nav_always_show_desktop&quot;:&quot;&quot;,&quot;nav_always_show_mobile&quot;:&quot;&quot;,&quot;breakpoint&quot;:&quot;780px&quot;,&quot;unmute&quot;:false,&quot;anchor&quot;:null}\"\n\t\t\t\t\tstyle=\"min-height: 700px\"\t\t\t\t\tdata-anchor-id=\"\"\n\t\t\t\t>\t\t<li class=\"sow-slider-image  sow-slider-image-cover\" style=\"visibility: visible;;background-color: #333333;background-image: url(https:\/\/guiesdegirona.com\/wp-content\/uploads\/2018\/01\/girona-slide.jpg)\" >\n\t\t\t\t\t<div class=\"sow-slider-image-container\">\n\t\t\t<div class=\"sow-slider-image-wrapper\">\n\t\t\t\t\t\t\t<\/div>\n\t\t<\/div>\n\t\t\t\t<\/li>\n\t\t\t\t<li class=\"sow-slider-image  sow-slider-image-cover\" style=\"visibility: hidden;;background-color: #333333\" data-background=\"url(https:\/\/guiesdegirona.com\/wp-content\/uploads\/2018\/01\/girona-slide2.jpg)\" >\n\t\t\t\t\t<div class=\"sow-slider-image-container\">\n\t\t\t<div class=\"sow-slider-image-wrapper\">\n\t\t\t\t\t\t\t<\/div>\n\t\t<\/div>\n\t\t\t\t<\/li>\n\t\t\t\t<li class=\"sow-slider-image  sow-slider-image-cover\" style=\"visibility: hidden;;background-color: #333333\" data-background=\"url(https:\/\/guiesdegirona.com\/wp-content\/uploads\/2018\/01\/girona-slide3.jpg)\" >\n\t\t\t\t\t<div class=\"sow-slider-image-container\">\n\t\t\t<div class=\"sow-slider-image-wrapper\">\n\t\t\t\t\t\t\t<\/div>\n\t\t<\/div>\n\t\t\t\t<\/li>\n\t\t<\/ul>\t\t\t\t<ol class=\"sow-slider-pagination\">\n\t\t\t\t\t\t\t\t\t\t\t<li><a href=\"#\" data-goto=\"0\" aria-label=\"Display slide 1\"><\/a><\/li>\n\t\t\t\t\t\t\t\t\t\t\t<li><a href=\"#\" data-goto=\"1\" aria-label=\"Display slide 2\"><\/a><\/li>\n\t\t\t\t\t\t\t\t\t\t\t<li><a href=\"#\" data-goto=\"2\" aria-label=\"Display slide 3\"><\/a><\/li>\n\t\t\t\t\t\t\t\t\t<\/ol>\n\n\t\t\t\t<div class=\"sow-slide-nav sow-slide-nav-next\">\n\t\t\t\t\t<a href=\"#\" data-goto=\"next\" aria-label=\"Next slide\" data-action=\"next\">\n\t\t\t\t\t\t<em class=\"sow-sld-icon-thin-right\"><\/em>\n\t\t\t\t\t<\/a>\n\t\t\t\t<\/div>\n\n\t\t\t\t<div class=\"sow-slide-nav sow-slide-nav-prev\">\n\t\t\t\t\t<a href=\"#\" data-goto=\"previous\" aria-label=\"Previous slide\" data-action=\"prev\">\n\t\t\t\t\t\t<em class=\"sow-sld-icon-thin-left\"><\/em>\n\t\t\t\t\t<\/a>\n\t\t\t\t<\/div>\n\t\t\t\t<\/div><\/div><\/div><\/div><\/div><\/div><div id=\"pg-142-1\"  class=\"panel-grid panel-no-style\" ><div id=\"pgc-142-1-0\"  class=\"panel-grid-cell\" ><div id=\"panel-142-1-0-0\" class=\"so-panel widget widget_sow-editor panel-first-child panel-last-child\" data-index=\"1\" ><div class=\"wow slideInDown linea panel-widget-style panel-widget-style-for-142-1-0-0\" data-wow-offset=\"10\" data-wow-iteration=\"1\" ><div\n\t\t\t\n\t\t\tclass=\"so-widget-sow-editor so-widget-sow-editor-base\"\n\t\t\t\n\t\t><h2 class=\"widget-title\"><span>Pourquoi un guide officiel?<\/span><\/h2>\n<div class=\"siteorigin-widget-tinymce textwidget\">\n\t<p>Une marque de Qualit\u00e9<br \/>\nLe Guide Officiel est un professionnel et non un amateur. Guider un groupe de personnes, voire un couple ou un individuel, est un m\u00e9tier pour lequel tout le monde n'a pas la capacit\u00e9, il demande des connaissances g\u00e9n\u00e9rales et sp\u00e9cifiques, beaucoup d'\u00e9nergie, de passion, de comp\u00e9tences, de flexibilit\u00e9, d'adaptabilit\u00e9 et beaucoup d'enthousiasme pour partager l'amour de notre pays et de son patrimoine. L'exercice de cette profession n\u00e9cessite un titre officiel d\u00e9livr\u00e9 par les autorit\u00e9s touristiques comp\u00e9tentes.<br \/>\nTous les guides de notre association disposent de l'accr\u00e9ditation officielle pour exercer ce m\u00e9tier, comme le meilleur alli\u00e9 des op\u00e9rateurs et organisateurs, Agences de Voyages, Ecoles, gr\u00e2ce \u00e0 leur sens p\u00e9dagogique... avec un r\u00e8glement complet avec l'administration, ce qui signifie une tranquillit\u00e9 totale de esprit pour le visiteur avec l'aspect juridique et la confiance de l'exp\u00e9rience de formation pour pouvoir proposer les th\u00e8mes en toute v\u00e9rit\u00e9.<\/p>\n<\/div>\n<\/div><\/div><\/div><\/div><\/div><div id=\"pg-142-2\"  class=\"panel-grid panel-no-style\" ><div id=\"pgc-142-2-0\"  class=\"panel-grid-cell\" ><div id=\"panel-142-2-0-0\" class=\"so-panel widget widget_sow-editor panel-first-child panel-last-child\" data-index=\"2\" ><div class=\"linea panel-widget-style panel-widget-style-for-142-2-0-0\" ><div\n\t\t\t\n\t\t\tclass=\"so-widget-sow-editor so-widget-sow-editor-base\"\n\t\t\t\n\t\t><h2 class=\"widget-title\"><span>Nos Destinataires<\/span><\/h2>\n<div class=\"siteorigin-widget-tinymce textwidget\">\n\t<p>Visiteurs Individuels ou Groupes.\u00a0<img loading=\"lazy\" decoding=\"async\" width=\"250\" height=\"109\" class=\"alignnone size-medium wp-image-1482\" src=\"https:\/\/guiesdegirona.com\/wp-content\/uploads\/2018\/02\/visita-grup-privat-250x109.jpg\" alt=\"\" srcset=\"https:\/\/guiesdegirona.com\/wp-content\/uploads\/2018\/02\/visita-grup-privat-250x109.jpg 250w, https:\/\/guiesdegirona.com\/wp-content\/uploads\/2018\/02\/visita-grup-privat-768x333.jpg 768w, https:\/\/guiesdegirona.com\/wp-content\/uploads\/2018\/02\/visita-grup-privat-700x304.jpg 700w, https:\/\/guiesdegirona.com\/wp-content\/uploads\/2018\/02\/visita-grup-privat-120x52.jpg 120w, https:\/\/guiesdegirona.com\/wp-content\/uploads\/2018\/02\/visita-grup-privat-500x217.jpg 500w, https:\/\/guiesdegirona.com\/wp-content\/uploads\/2018\/02\/visita-grup-privat.jpg 1596w\" sizes=\"auto, (max-width: 250px) 100vw, 250px\" \/><\/p>\n<\/div>\n<\/div><\/div><\/div><\/div><\/div><div id=\"pg-142-3\"  class=\"panel-grid panel-no-style\" ><div id=\"pgc-142-3-0\"  class=\"panel-grid-cell\" ><div id=\"panel-142-3-0-0\" class=\"so-panel widget widget_cl-flipbox widget-cl-flipbox panel-first-child panel-last-child\" data-index=\"3\" ><a href=\"https:\/\/guiesdegirona.com\/fr\/visites-guidees-pour-les-ecoles\/\" class=\"cl-flipbox animation_coveropen direction_w valign_top\" style=\"width:100%;\"><div class=\"cl-flipbox-h easing_ease\" style=\"-webkit-transition-duration:500ms;transition-duration:500ms;\"><div class=\"cl-flipbox-hh\"><div class=\"cl-flipbox-front\" style=\"height:200px;padding:15%;background-color:#ffffff;border-width:5px;\"><div class=\"cl-flipbox-front-h\"><h4 class=\"cl-flipbox-front-title\" style=\"font-size:18px;\">\u00c9COLES<\/h4><\/div><\/div><div class=\"cl-flipbox-back\" style=\"padding:15%;background-color:#ffffff;border-width:5px;display:none;\"><div class=\"cl-flipbox-back-h\"><p class=\"cl-flipbox-back-desc\">Visites guid\u00e9es pour des \u00e9coles, lyc\u00e9es et universit\u00e9es<\/p><\/div><\/div><\/div><\/div><\/a><\/div><\/div><div id=\"pgc-142-3-1\"  class=\"panel-grid-cell\" ><div id=\"panel-142-3-1-0\" class=\"so-panel widget widget_cl-flipbox widget-cl-flipbox panel-first-child panel-last-child\" data-index=\"4\" ><a href=\"https:\/\/guiesdegirona.com\/fr\/visites-guidees-pour-les-groupes-dentreperise\/\" class=\"cl-flipbox animation_coveropen direction_w valign_top\" style=\"width:100%;\"><div class=\"cl-flipbox-h easing_ease\" style=\"-webkit-transition-duration:500ms;transition-duration:500ms;\"><div class=\"cl-flipbox-hh\"><div class=\"cl-flipbox-front\" style=\"height:200px;padding:15%;background-color:#ffffff;border-width:5px;\"><div class=\"cl-flipbox-front-h\"><h4 class=\"cl-flipbox-front-title\" style=\"font-size:18px;\">ENTREPRISES<\/h4><\/div><\/div><div class=\"cl-flipbox-back\" style=\"padding:15%;background-color:#ffffff;border-width:5px;display:none;\"><div class=\"cl-flipbox-back-h\"><p class=\"cl-flipbox-back-desc\">Visites guid\u00e9es pour des entreprises<\/p><\/div><\/div><\/div><\/div><\/a><\/div><\/div><div id=\"pgc-142-3-2\"  class=\"panel-grid-cell\" ><div id=\"panel-142-3-2-0\" class=\"so-panel widget widget_cl-flipbox widget-cl-flipbox panel-first-child panel-last-child\" data-index=\"5\" ><a href=\"https:\/\/guiesdegirona.com\/fr\/visites-guidees-pour-groupes-prives\/\" class=\"cl-flipbox animation_coveropen direction_w valign_top\" style=\"width:100%;\"><div class=\"cl-flipbox-h easing_ease\" style=\"-webkit-transition-duration:500ms;transition-duration:500ms;\"><div class=\"cl-flipbox-hh\"><div class=\"cl-flipbox-front\" style=\"height:200px;padding:15%;background-color:#ffffff;border-width:5px;\"><div class=\"cl-flipbox-front-h\"><h4 class=\"cl-flipbox-front-title\" style=\"font-size:18px;\">PRIV\u00c9S<\/h4><\/div><\/div><div class=\"cl-flipbox-back\" style=\"padding:15%;background-color:#ffffff;border-width:5px;display:none;\"><div class=\"cl-flipbox-back-h\"><p class=\"cl-flipbox-back-desc\">Visites guid\u00e9es pour des groupes priv\u00e9s<\/p><\/div><\/div><\/div><\/div><\/a><\/div><\/div><div id=\"pgc-142-3-3\"  class=\"panel-grid-cell\" ><div id=\"panel-142-3-3-0\" class=\"so-panel widget widget_cl-flipbox widget-cl-flipbox panel-first-child panel-last-child\" data-index=\"6\" ><a href=\"https:\/\/guiesdegirona.com\/fr\/visites-guidees-individuelles\/\" class=\"cl-flipbox animation_coveropen direction_w valign_top\" style=\"width:100%;\"><div class=\"cl-flipbox-h easing_ease\" style=\"-webkit-transition-duration:500ms;transition-duration:500ms;\"><div class=\"cl-flipbox-hh\"><div class=\"cl-flipbox-front\" style=\"height:200px;padding:15%;background-color:#ffffff;border-width:5px;\"><div class=\"cl-flipbox-front-h\"><h4 class=\"cl-flipbox-front-title\" style=\"font-size:18px;\">INDIVIDUELS<\/h4><\/div><\/div><div class=\"cl-flipbox-back\" style=\"padding:15%;background-color:#ffffff;border-width:5px;display:none;\"><div class=\"cl-flipbox-back-h\"><p class=\"cl-flipbox-back-desc\">Visites guid\u00e9es individuelles<\/p><\/div><\/div><\/div><\/div><\/a><\/div><\/div><div id=\"pgc-142-3-4\"  class=\"panel-grid-cell\" ><div id=\"panel-142-3-4-0\" class=\"so-panel widget widget_cl-flipbox widget-cl-flipbox panel-first-child panel-last-child\" data-index=\"7\" ><a href=\"https:\/\/guiesdegirona.com\/fr\/visites-guidees-par-des-agences-voyages-transporteurs\/\" class=\"cl-flipbox animation_coveropen direction_w valign_top\" style=\"width:100%;\"><div class=\"cl-flipbox-h easing_ease\" style=\"-webkit-transition-duration:500ms;transition-duration:500ms;\"><div class=\"cl-flipbox-hh\"><div class=\"cl-flipbox-front\" style=\"height:200px;padding:15%;background-color:#ffffff;border-width:5px;\"><div class=\"cl-flipbox-front-h\"><h4 class=\"cl-flipbox-front-title\" style=\"font-size:18px;\">AGENCES de VOYAGES<\/h4><\/div><\/div><div class=\"cl-flipbox-back\" style=\"padding:15%;background-color:#ffffff;border-width:5px;display:none;\"><div class=\"cl-flipbox-back-h\"><p class=\"cl-flipbox-back-desc\">Visites guid\u00e9es pour agences de voyages<\/p><\/div><\/div><\/div><\/div><\/a><\/div><\/div><\/div><div id=\"pg-142-4\"  class=\"panel-grid panel-has-style\" ><div class=\"panel-row-style panel-row-style-for-142-4\" ><div id=\"pgc-142-4-0\"  class=\"panel-grid-cell\" ><div id=\"panel-142-4-0-0\" class=\"so-panel widget widget_sow-editor panel-first-child panel-last-child\" data-index=\"8\" ><div\n\t\t\t\n\t\t\tclass=\"so-widget-sow-editor so-widget-sow-editor-base\"\n\t\t\t\n\t\t><h2 class=\"widget-title\"><span>SUGGESTIONS<\/span><\/h2>\n<div class=\"siteorigin-widget-tinymce textwidget\">\n\t<\/div>\n<\/div><\/div><\/div><\/div><\/div><div id=\"pg-142-5\"  class=\"panel-grid panel-has-style\" ><div class=\"panel-row-style panel-row-style-for-142-5\" ><div id=\"pgc-142-5-0\"  class=\"panel-grid-cell\" ><div id=\"panel-142-5-0-0\" class=\"so-panel widget widget_cl-ib widget-cl-ib panel-first-child panel-last-child\" data-index=\"9\" ><a href=\"https:\/\/guiesdegirona.com\/fr\/tipus_visita\/dali-fr\/\" class=\"cl-ib animation_caeros ratio_3x2 align_center with_title with_desc cl_custom_css_1\" style=\"width:100%;background-color:rgba(221,51,51,0.5);color:#ffffff;\"><div class=\"cl-ib-h easing_ease\"><div class=\"cl-ib-image\" style=\"background-image: url(https:\/\/guiesdegirona.com\/wp-content\/uploads\/2018\/01\/MUSEU-DALI-700x303.jpg)\"><img loading=\"lazy\" decoding=\"async\" src=\"https:\/\/guiesdegirona.com\/wp-content\/uploads\/2018\/01\/MUSEU-DALI-700x303.jpg\" width=\"700\" height=\"303\"  alt=\"Triangle de Dal\u00ed\" \/><\/div><div class=\"cl-ib-content\" style=\"padding:10%;\"><div class=\"cl-ib-content-h\"><h4 class=\"cl-ib-title\" style=\"font-size:30px;\">Triangle de Dal\u00ed<\/h4><div class=\"cl-ib-desc\" style=\"font-size:18px;\">Visite guid\u00e9e du triangle de Dal\u00ed<\/div><\/div><\/div><\/div><\/a><style type=\"text\/css\">@media only screen and (max-width: 599px) {.cl_custom_css_1 .cl-ib-title { font-size:24px !important; }}<\/style><\/div><\/div><div id=\"pgc-142-5-1\"  class=\"panel-grid-cell\" ><div id=\"panel-142-5-1-0\" class=\"so-panel widget widget_cl-ib widget-cl-ib panel-first-child panel-last-child\" data-index=\"10\" ><a href=\"https:\/\/guiesdegirona.com\/fr\/tipus_visita\/gerone-ville\/\" class=\"cl-ib animation_caeros ratio_3x2 align_center with_title with_desc cl_custom_css_2\" style=\"width:100%;background-color:rgba(221,51,51,0.5);color:#ffffff;\"><div class=\"cl-ib-h easing_ease\"><div class=\"cl-ib-image\" style=\"background-image: url(https:\/\/guiesdegirona.com\/wp-content\/uploads\/2018\/02\/girona-ciutat-700x304.jpg)\"><img loading=\"lazy\" decoding=\"async\" src=\"https:\/\/guiesdegirona.com\/wp-content\/uploads\/2018\/02\/girona-ciutat-700x304.jpg\" width=\"700\" height=\"304\"  alt=\"G\u00e9rone ville\" \/><\/div><div class=\"cl-ib-content\" style=\"padding:10%;\"><div class=\"cl-ib-content-h\"><h4 class=\"cl-ib-title\" style=\"font-size:30px;\">G\u00e9rone ville<\/h4><div class=\"cl-ib-desc\" style=\"font-size:18px;\">Visite guid\u00e9e de G\u00e9rone<\/div><\/div><\/div><\/div><\/a><style type=\"text\/css\">@media only screen and (max-width: 599px) {.cl_custom_css_2 .cl-ib-title { font-size:24px !important; }}<\/style><\/div><\/div><\/div><\/div><div id=\"pg-142-6\"  class=\"panel-grid panel-has-style\" ><div class=\"letra-capital panel-row-style panel-row-style-for-142-6\" ><div id=\"pgc-142-6-0\"  class=\"panel-grid-cell\" ><div id=\"panel-142-6-0-0\" class=\"so-panel widget widget_sow-editor panel-first-child panel-last-child\" data-index=\"11\" ><div class=\"panel-widget-style panel-widget-style-for-142-6-0-0\" ><div\n\t\t\t\n\t\t\tclass=\"so-widget-sow-editor so-widget-sow-editor-base\"\n\t\t\t\n\t\t><h2 class=\"widget-title\"><span>Qui sommes nous?<\/span><\/h2>\n<div class=\"siteorigin-widget-tinymce textwidget\">\n\t<p>Nous sommes une association de Guides et Interpr\u00e8tes Officiels du patrimoine historique et artistique de G\u00e9rone et sa province.<br \/>\nTous nos membres sont des professionnels bien form\u00e9s, asserment\u00e9s par la Generalitat de Catalogne. Nous sommes passionn\u00e9s par l'art, l'histoire, l'architecture, la culture et la gastronomie. Et pour cette raison nous sommes de mani\u00e8re continue en formations et en partage d'informations afin d'augmenter, actualiser et diversifier nos connaissances. Nous adorons recevoir nos visiteurs, faire d\u00e9couvrir ce que notre territoire offre de plus attractif, et le commenter tout en donnant le meilleur de nous-m\u00eames car nous ressentons que l'univers du guidage est en lui m\u00eame riche et fascinant.<\/p>\n<\/div>\n<\/div><\/div><\/div><\/div><div id=\"pgc-142-6-1\"  class=\"panel-grid-cell\" ><div id=\"panel-142-6-1-0\" class=\"so-panel widget widget_sow-editor panel-first-child panel-last-child\" data-index=\"12\" ><div\n\t\t\t\n\t\t\tclass=\"so-widget-sow-editor so-widget-sow-editor-base\"\n\t\t\t\n\t\t><h2 class=\"widget-title\"><span>Que faisons nous?<\/span><\/h2>\n<div class=\"siteorigin-widget-tinymce textwidget\">\n\t<p>Les guides touristiques qui sont membres de l'Association des Guides de G\u00e9rone, nous veillons \u00e0 la bonne pratique de ce m\u00e9tier, entre autre, en organisant des formations continues pour augmenter et actualiser nos connaissances. Nous sommes \u00e0 jour de l'agenda culturel de notre territoire et surtout, nous aimons notre pays et nous avons tr\u00e8s envie de le faire conna\u00eetre. Les diff\u00e9rents profils de guides de l'association (niveau et sp\u00e9cialit\u00e9 d'\u00e9tudes, connaissances, comp\u00e9tences et int\u00e9r\u00eats) permettent de vous offrir des guides sp\u00e9cifiques \u00e0 chaque type de visites (Culturelles, de nature, gastronomique, d'\u00e9notourisme,...) et pour tous genres de public (particuliers, familles, groupes, \u00e9coles, instituts, associations, entreprises...)<\/p>\n<\/div>\n<\/div><\/div><\/div><\/div><\/div><\/div>","protected":false},"excerpt":{"rendered":"Une marque de Qualit\u00e9 Le Guide Officiel est un professionnel et non un amateur. Guider un groupe de personnes, voire un couple ou un individuel, est un m\u00e9tier pour lequel tout le monde n&rsquo;a pas la capacit\u00e9, il demande des connaissances g\u00e9n\u00e9rales et sp\u00e9cifiques, beaucoup d&rsquo;\u00e9nergie, de passion, de comp\u00e9tences, de flexibilit\u00e9, d&rsquo;adaptabilit\u00e9 et beaucoup&#8230; <a class=\"view-article\" href=\"https:\/\/guiesdegirona.com\/fr\/\">Voir l&rsquo;article<\/a>","protected":false},"author":9,"featured_media":0,"parent":0,"menu_order":0,"comment_status":"closed","ping_status":"closed","template":"","meta":{"footnotes":""},"class_list":["post-142","page","type-page","status-publish","hentry"],"_links":{"self":[{"href":"https:\/\/guiesdegirona.com\/fr\/wp-json\/wp\/v2\/pages\/142","targetHints":{"allow":["GET"]}}],"collection":[{"href":"https:\/\/guiesdegirona.com\/fr\/wp-json\/wp\/v2\/pages"}],"about":[{"href":"https:\/\/guiesdegirona.com\/fr\/wp-json\/wp\/v2\/types\/page"}],"author":[{"embeddable":true,"href":"https:\/\/guiesdegirona.com\/fr\/wp-json\/wp\/v2\/users\/9"}],"replies":[{"embeddable":true,"href":"https:\/\/guiesdegirona.com\/fr\/wp-json\/wp\/v2\/comments?post=142"}],"version-history":[{"count":19,"href":"https:\/\/guiesdegirona.com\/fr\/wp-json\/wp\/v2\/pages\/142\/revisions"}],"predecessor-version":[{"id":8420,"href":"https:\/\/guiesdegirona.com\/fr\/wp-json\/wp\/v2\/pages\/142\/revisions\/8420"}],"wp:attachment":[{"href":"https:\/\/guiesdegirona.com\/fr\/wp-json\/wp\/v2\/media?parent=142"}],"curies":[{"name":"wp","href":"https:\/\/api.w.org\/{rel}","templated":true}]}}