{"id":1863,"date":"2018-01-03T09:01:40","date_gmt":"2018-01-03T08:01:40","guid":{"rendered":"https:\/\/guiesdegirona.com\/?page_id=1863"},"modified":"2018-03-07T14:34:33","modified_gmt":"2018-03-07T13:34:33","slug":"visitas-guiadas-empresas","status":"publish","type":"page","link":"https:\/\/guiesdegirona.com\/es\/visitas-guiadas-empresas\/","title":{"rendered":"Visitas guiadas para empresas"},"content":{"rendered":"<div id=\"pl-1863\"  class=\"panel-layout\" ><div id=\"pg-1863-0\"  class=\"panel-grid panel-no-style\" ><div id=\"pgc-1863-0-0\"  class=\"panel-grid-cell\" ><div id=\"panel-1863-0-0-0\" class=\"so-panel widget widget_sow-editor panel-first-child panel-last-child\" data-index=\"0\" ><div class=\"wow fadeIn panel-widget-style panel-widget-style-for-1863-0-0-0\" data-wow-offset=\"10\" data-wow-iteration=\"1\" ><div\n\t\t\t\n\t\t\tclass=\"so-widget-sow-editor so-widget-sow-editor-base\"\n\t\t\t\n\t\t>\n<div class=\"siteorigin-widget-tinymce textwidget\">\n\t<p>Desde la Asociaci\u00f3n de Gu\u00edas de Girona ofrecemos visitas interesantes y distendidas de duraci\u00f3n flexible seg\u00fan los horarios del grupo, pensadas sobre todo para descubrir la ciudad de Girona o la provincia entre reuniones o acontecimientos laborales.<\/p>\n<p>Nuestros gu\u00edas se adaptan totalmente a las necesidades de cada empresa, y tienen una gran capacidad organizativa y de improvisaci\u00f3n, a veces necesaria para este tipo de grupos.<\/p>\n<p>Las visitas pueden incluir la entrada en monumentos o alguna pausa para tomar algo.<\/p>\n<\/div>\n<\/div><\/div><\/div><\/div><div id=\"pgc-1863-0-1\"  class=\"panel-grid-cell\" ><div id=\"panel-1863-0-1-0\" class=\"so-panel widget widget_sow-editor panel-first-child\" data-index=\"1\" ><div\n\t\t\t\n\t\t\tclass=\"so-widget-sow-editor so-widget-sow-editor-base\"\n\t\t\t\n\t\t><h2 class=\"widget-title\"><span>\u00bfQuieres contactar con nosotros?<\/span><\/h2>\n<div class=\"siteorigin-widget-tinymce textwidget\">\n\t<\/div>\n<\/div><\/div><div id=\"panel-1863-0-1-1\" class=\"so-panel widget widget_sow-button panel-last-child\" data-index=\"2\" ><div\n\t\t\t\n\t\t\tclass=\"so-widget-sow-button so-widget-sow-button-atom-433ea8818268-1863\"\n\t\t\t\n\t\t><div class=\"ow-button-base ow-button-align-center\"\n>\n\t\t\t<a\n\t\t\t\t\thref=\"https:\/\/guiesdegirona.com\/es\/contacto\/\"\n\t\t\t\t\tclass=\"sowb-button ow-icon-placement-left ow-button-hover\" \t>\n\t\t<span>\n\t\t\t\n\t\t\tHaz clic aqu\u00ed\t\t<\/span>\n\t\t\t<\/a>\n\t<\/div>\n<\/div><\/div><\/div><\/div><\/div>","protected":false},"excerpt":{"rendered":"Desde la Asociaci\u00f3n de Gu\u00edas de Girona ofrecemos visitas interesantes y distendidas de duraci\u00f3n flexible seg\u00fan los horarios del grupo, pensadas sobre todo para descubrir la ciudad de Girona o la provincia entre reuniones o acontecimientos laborales. Nuestros gu\u00edas se adaptan totalmente a las necesidades de cada empresa, y tienen una gran capacidad organizativa y&#8230; <a class=\"view-article\" href=\"https:\/\/guiesdegirona.com\/es\/visitas-guiadas-empresas\/\">Ver art\u00edculo<\/a>","protected":false},"author":9,"featured_media":1226,"parent":0,"menu_order":0,"comment_status":"closed","ping_status":"closed","template":"","meta":{"footnotes":""},"class_list":["post-1863","page","type-page","status-publish","has-post-thumbnail","hentry"],"_links":{"self":[{"href":"https:\/\/guiesdegirona.com\/es\/wp-json\/wp\/v2\/pages\/1863","targetHints":{"allow":["GET"]}}],"collection":[{"href":"https:\/\/guiesdegirona.com\/es\/wp-json\/wp\/v2\/pages"}],"about":[{"href":"https:\/\/guiesdegirona.com\/es\/wp-json\/wp\/v2\/types\/page"}],"author":[{"embeddable":true,"href":"https:\/\/guiesdegirona.com\/es\/wp-json\/wp\/v2\/users\/9"}],"replies":[{"embeddable":true,"href":"https:\/\/guiesdegirona.com\/es\/wp-json\/wp\/v2\/comments?post=1863"}],"version-history":[{"count":5,"href":"https:\/\/guiesdegirona.com\/es\/wp-json\/wp\/v2\/pages\/1863\/revisions"}],"predecessor-version":[{"id":1983,"href":"https:\/\/guiesdegirona.com\/es\/wp-json\/wp\/v2\/pages\/1863\/revisions\/1983"}],"wp:featuredmedia":[{"embeddable":true,"href":"https:\/\/guiesdegirona.com\/es\/wp-json\/wp\/v2\/media\/1226"}],"wp:attachment":[{"href":"https:\/\/guiesdegirona.com\/es\/wp-json\/wp\/v2\/media?parent=1863"}],"curies":[{"name":"wp","href":"https:\/\/api.w.org\/{rel}","templated":true}]}}