{"id":1857,"date":"2018-01-03T09:04:41","date_gmt":"2018-01-03T08:04:41","guid":{"rendered":"https:\/\/guiesdegirona.com\/?page_id=1857"},"modified":"2018-03-07T14:39:00","modified_gmt":"2018-03-07T13:39:00","slug":"visitas-guiadas-agencias","status":"publish","type":"page","link":"https:\/\/guiesdegirona.com\/es\/visitas-guiadas-agencias\/","title":{"rendered":"Visitas guiadas para agencias"},"content":{"rendered":"<div id=\"pl-1857\"  class=\"panel-layout\" ><div id=\"pg-1857-0\"  class=\"panel-grid panel-no-style\" ><div id=\"pgc-1857-0-0\"  class=\"panel-grid-cell\" ><div id=\"panel-1857-0-0-0\" class=\"so-panel widget widget_sow-editor panel-first-child panel-last-child\" data-index=\"0\" ><div class=\"wow fadeIn panel-widget-style panel-widget-style-for-1857-0-0-0\" data-wow-offset=\"10\" data-wow-iteration=\"1\" ><div\n\t\t\t\n\t\t\tclass=\"so-widget-sow-editor so-widget-sow-editor-base\"\n\t\t\t\n\t\t>\n<div class=\"siteorigin-widget-tinymce textwidget\">\n\t<p>La Asociaci\u00f3n de gu\u00edas de Girona est\u00e1 a su plena disposici\u00f3n para que sus grupos puedan llevar a cabo su programa respetando las pautas establecidas por cada agencia.<\/p>\n<p>A la hora de contratar los servicios de guiaje, tambi\u00e9n pueden solicitar asesoramiento sobre la creaci\u00f3n de su itinerario.<\/p>\n<\/div>\n<\/div><\/div><\/div><\/div><div id=\"pgc-1857-0-1\"  class=\"panel-grid-cell\" ><div id=\"panel-1857-0-1-0\" class=\"so-panel widget widget_sow-editor panel-first-child\" data-index=\"1\" ><div\n\t\t\t\n\t\t\tclass=\"so-widget-sow-editor so-widget-sow-editor-base\"\n\t\t\t\n\t\t><h2 class=\"widget-title\"><span>\u00bfQuieres contactar con nosotros?<\/span><\/h2>\n<div class=\"siteorigin-widget-tinymce textwidget\">\n\t<\/div>\n<\/div><\/div><div id=\"panel-1857-0-1-1\" class=\"so-panel widget widget_sow-button panel-last-child\" data-index=\"2\" ><div\n\t\t\t\n\t\t\tclass=\"so-widget-sow-button so-widget-sow-button-atom-433ea8818268-1857\"\n\t\t\t\n\t\t><div class=\"ow-button-base ow-button-align-center\"\n>\n\t\t\t<a\n\t\t\t\t\thref=\"https:\/\/guiesdegirona.com\/es\/contacto\/\"\n\t\t\t\t\tclass=\"sowb-button ow-icon-placement-left ow-button-hover\" \t>\n\t\t<span>\n\t\t\t\n\t\t\tHaz clic aqu\u00ed\t\t<\/span>\n\t\t\t<\/a>\n\t<\/div>\n<\/div><\/div><\/div><\/div><\/div>","protected":false},"excerpt":{"rendered":"La Asociaci\u00f3n de gu\u00edas de Girona est\u00e1 a su plena disposici\u00f3n para que sus grupos puedan llevar a cabo su programa respetando las pautas establecidas por cada agencia. A la hora de contratar los servicios de guiaje, tambi\u00e9n pueden solicitar asesoramiento sobre la creaci\u00f3n de su itinerario.","protected":false},"author":9,"featured_media":1228,"parent":0,"menu_order":0,"comment_status":"closed","ping_status":"closed","template":"page-servicios.php","meta":{"footnotes":""},"class_list":["post-1857","page","type-page","status-publish","has-post-thumbnail","hentry"],"_links":{"self":[{"href":"https:\/\/guiesdegirona.com\/es\/wp-json\/wp\/v2\/pages\/1857","targetHints":{"allow":["GET"]}}],"collection":[{"href":"https:\/\/guiesdegirona.com\/es\/wp-json\/wp\/v2\/pages"}],"about":[{"href":"https:\/\/guiesdegirona.com\/es\/wp-json\/wp\/v2\/types\/page"}],"author":[{"embeddable":true,"href":"https:\/\/guiesdegirona.com\/es\/wp-json\/wp\/v2\/users\/9"}],"replies":[{"embeddable":true,"href":"https:\/\/guiesdegirona.com\/es\/wp-json\/wp\/v2\/comments?post=1857"}],"version-history":[{"count":5,"href":"https:\/\/guiesdegirona.com\/es\/wp-json\/wp\/v2\/pages\/1857\/revisions"}],"predecessor-version":[{"id":1991,"href":"https:\/\/guiesdegirona.com\/es\/wp-json\/wp\/v2\/pages\/1857\/revisions\/1991"}],"wp:featuredmedia":[{"embeddable":true,"href":"https:\/\/guiesdegirona.com\/es\/wp-json\/wp\/v2\/media\/1228"}],"wp:attachment":[{"href":"https:\/\/guiesdegirona.com\/es\/wp-json\/wp\/v2\/media?parent=1857"}],"curies":[{"name":"wp","href":"https:\/\/api.w.org\/{rel}","templated":true}]}}