{"id":1851,"date":"2018-01-03T09:02:41","date_gmt":"2018-01-03T08:02:41","guid":{"rendered":"https:\/\/guiesdegirona.com\/?page_id=1851"},"modified":"2018-03-08T10:29:41","modified_gmt":"2018-03-08T09:29:41","slug":"visitas-guiadas-grupos-privados","status":"publish","type":"page","link":"https:\/\/guiesdegirona.com\/es\/visitas-guiadas-grupos-privados\/","title":{"rendered":"Visitas guiadas para grupos privados"},"content":{"rendered":"<div id=\"pl-1851\"  class=\"panel-layout\" ><div id=\"pg-1851-0\"  class=\"panel-grid panel-no-style\" ><div id=\"pgc-1851-0-0\"  class=\"panel-grid-cell\" ><div id=\"panel-1851-0-0-0\" class=\"so-panel widget widget_sow-editor panel-first-child panel-last-child\" data-index=\"0\" ><div class=\"wow fadeIn panel-widget-style panel-widget-style-for-1851-0-0-0\" data-wow-offset=\"10\" data-wow-iteration=\"1\" ><div\n\t\t\t\n\t\t\tclass=\"so-widget-sow-editor so-widget-sow-editor-base\"\n\t\t\t\n\t\t>\n<div class=\"siteorigin-widget-tinymce textwidget\">\n\t<p>La Asociaci\u00f3n de Gu\u00edas de Girona le ofrece diferentes visitas seg\u00fan la duraci\u00f3n de su estancia.<\/p>\n<p>Nuestras propuestas van desde una breve visita panor\u00e1mica de Girona, a una ruta de diversos d\u00edas para descubrir a fondo la provincia.<\/p>\n<p>Nuestros gu\u00edas se adaptan totalmente a los intereses y necesidades del grupo.<\/p>\n<p>Si tiene en mente alguna idea del programa de visitas, nos puede consultar su viabilidad seg\u00fan horarios, transporte y \u00e9poca del a\u00f1o.<\/p>\n<\/div>\n<\/div><\/div><\/div><\/div><div id=\"pgc-1851-0-1\"  class=\"panel-grid-cell\" ><div id=\"panel-1851-0-1-0\" class=\"so-panel widget widget_sow-editor panel-first-child\" data-index=\"1\" ><div\n\t\t\t\n\t\t\tclass=\"so-widget-sow-editor so-widget-sow-editor-base\"\n\t\t\t\n\t\t><h2 class=\"widget-title\"><span>\u00bfQuieres contactar con nosotros?<\/span><\/h2>\n<div class=\"siteorigin-widget-tinymce textwidget\">\n\t<\/div>\n<\/div><\/div><div id=\"panel-1851-0-1-1\" class=\"so-panel widget widget_sow-button panel-last-child\" data-index=\"2\" ><div\n\t\t\t\n\t\t\tclass=\"so-widget-sow-button so-widget-sow-button-atom-433ea8818268-1851\"\n\t\t\t\n\t\t><div class=\"ow-button-base ow-button-align-center\"\n>\n\t\t\t<a\n\t\t\t\t\thref=\"https:\/\/guiesdegirona.com\/es\/contacto\/\"\n\t\t\t\t\tclass=\"sowb-button ow-icon-placement-left ow-button-hover\" \t>\n\t\t<span>\n\t\t\t\n\t\t\tHaz clic aqu\u00ed\t\t<\/span>\n\t\t\t<\/a>\n\t<\/div>\n<\/div><\/div><\/div><\/div><\/div>","protected":false},"excerpt":{"rendered":"La Asociaci\u00f3n de Gu\u00edas de Girona le ofrece diferentes visitas seg\u00fan la duraci\u00f3n de su estancia. Nuestras propuestas van desde una breve visita panor\u00e1mica de Girona, a una ruta de diversos d\u00edas para descubrir a fondo la provincia. Nuestros gu\u00edas se adaptan totalmente a los intereses y necesidades del grupo. Si tiene en mente alguna&#8230; <a class=\"view-article\" href=\"https:\/\/guiesdegirona.com\/es\/visitas-guiadas-grupos-privados\/\">Ver art\u00edculo<\/a>","protected":false},"author":9,"featured_media":1482,"parent":0,"menu_order":0,"comment_status":"closed","ping_status":"closed","template":"page-servicios.php","meta":{"footnotes":""},"class_list":["post-1851","page","type-page","status-publish","has-post-thumbnail","hentry"],"_links":{"self":[{"href":"https:\/\/guiesdegirona.com\/es\/wp-json\/wp\/v2\/pages\/1851","targetHints":{"allow":["GET"]}}],"collection":[{"href":"https:\/\/guiesdegirona.com\/es\/wp-json\/wp\/v2\/pages"}],"about":[{"href":"https:\/\/guiesdegirona.com\/es\/wp-json\/wp\/v2\/types\/page"}],"author":[{"embeddable":true,"href":"https:\/\/guiesdegirona.com\/es\/wp-json\/wp\/v2\/users\/9"}],"replies":[{"embeddable":true,"href":"https:\/\/guiesdegirona.com\/es\/wp-json\/wp\/v2\/comments?post=1851"}],"version-history":[{"count":5,"href":"https:\/\/guiesdegirona.com\/es\/wp-json\/wp\/v2\/pages\/1851\/revisions"}],"predecessor-version":[{"id":2051,"href":"https:\/\/guiesdegirona.com\/es\/wp-json\/wp\/v2\/pages\/1851\/revisions\/2051"}],"wp:featuredmedia":[{"embeddable":true,"href":"https:\/\/guiesdegirona.com\/es\/wp-json\/wp\/v2\/media\/1482"}],"wp:attachment":[{"href":"https:\/\/guiesdegirona.com\/es\/wp-json\/wp\/v2\/media?parent=1851"}],"curies":[{"name":"wp","href":"https:\/\/api.w.org\/{rel}","templated":true}]}}