{"id":1848,"date":"2018-01-03T09:00:48","date_gmt":"2018-01-03T08:00:48","guid":{"rendered":"https:\/\/guiesdegirona.com\/?page_id=1848"},"modified":"2018-03-08T10:18:20","modified_gmt":"2018-03-08T09:18:20","slug":"visitas-guiadas-escuelas","status":"publish","type":"page","link":"https:\/\/guiesdegirona.com\/es\/visitas-guiadas-escuelas\/","title":{"rendered":"Visitas guiadas para escuelas"},"content":{"rendered":"<div id=\"pl-1848\"  class=\"panel-layout\" ><div id=\"pg-1848-0\"  class=\"panel-grid panel-no-style\" ><div id=\"pgc-1848-0-0\"  class=\"panel-grid-cell\" ><div id=\"panel-1848-0-0-0\" class=\"so-panel widget widget_sow-editor panel-first-child panel-last-child\" data-index=\"0\" ><div class=\"wow fadeIn panel-widget-style panel-widget-style-for-1848-0-0-0\" data-wow-offset=\"10\" data-wow-iteration=\"1\" ><div\n\t\t\t\n\t\t\tclass=\"so-widget-sow-editor so-widget-sow-editor-base\"\n\t\t\t\n\t\t>\n<div class=\"siteorigin-widget-tinymce textwidget\">\n\t<p>En la ciudad de Girona ofrecemos principalmente tres visitas enfocadas a escolares:<\/p>\n<p>- <a href=\"https:\/\/guiesdegirona.com\/es\/visitas\/gerona-medieval\/\">la Girona medieval<\/a><br \/> - <a href=\"https:\/\/guiesdegirona.com\/es\/visitas\/leyendas-de-gerona\/\">la Girona de las leyendas<\/a><br \/> -\u00a0<a href=\"https:\/\/guiesdegirona.com\/es\/visitas\/gerona-judia\/\">la Girona jud\u00eda<\/a><\/p>\n<p>Pueden ser visitas con o sin entradas, de duraci\u00f3n aproximada de unas dos horas.<\/p>\n<p>As\u00ed mismo ofrecemos visitas a escuelas, institutos y universidades a otros lugares de la provincia, habitualmente a <a href=\"https:\/\/guiesdegirona.com\/es\/visitas\/besalu\/\">Besal\u00fa<\/a>, <a href=\"https:\/\/guiesdegirona.com\/es\/visitas\/ampurias\/\">los yacimientos arqueol\u00f3gicos d'Emp\u00faries<\/a> i <a href=\"https:\/\/guiesdegirona.com\/es\/visitas\/ullastret\/\">Ullastret<\/a>, o el <a href=\"https:\/\/guiesdegirona.com\/es\/visitas\/teatro-museo-salvador-dali-figueres\/\">Museu Dal\u00ed de Figueres<\/a> y el <a href=\"https:\/\/guiesdegirona.com\/es\/visitas\/castell-gala-dali-pubol\/\">Castell Gala-Dal\u00ed de P\u00fabol<\/a>.<\/p>\n<\/div>\n<\/div><\/div><\/div><\/div><div id=\"pgc-1848-0-1\"  class=\"panel-grid-cell\" ><div id=\"panel-1848-0-1-0\" class=\"so-panel widget widget_sow-editor panel-first-child\" data-index=\"1\" ><div\n\t\t\t\n\t\t\tclass=\"so-widget-sow-editor so-widget-sow-editor-base\"\n\t\t\t\n\t\t><h2 class=\"widget-title\"><span>\u00bfQuieres contactar con nosotros?<\/span><\/h2>\n<div class=\"siteorigin-widget-tinymce textwidget\">\n\t<\/div>\n<\/div><\/div><div id=\"panel-1848-0-1-1\" class=\"so-panel widget widget_sow-button panel-last-child\" data-index=\"2\" ><div\n\t\t\t\n\t\t\tclass=\"so-widget-sow-button so-widget-sow-button-flat-433ea8818268-1848\"\n\t\t\t\n\t\t><div class=\"ow-button-base ow-button-align-center\"\n>\n\t\t\t<a\n\t\t\t\t\thref=\"https:\/\/guiesdegirona.com\/es\/contacto\/\"\n\t\t\t\t\tclass=\"sowb-button ow-icon-placement-left ow-button-hover\" \t>\n\t\t<span>\n\t\t\t\n\t\t\tHaz clic aqu\u00ed\t\t<\/span>\n\t\t\t<\/a>\n\t<\/div>\n<\/div><\/div><\/div><\/div><\/div>","protected":false},"excerpt":{"rendered":"En la ciudad de Girona ofrecemos principalmente tres visitas enfocadas a escolares: &#8211; la Girona medieval &#8211; la Girona de las leyendas &#8211;\u00a0la Girona jud\u00eda Pueden ser visitas con o sin entradas, de duraci\u00f3n aproximada de unas dos horas. As\u00ed mismo ofrecemos visitas a escuelas, institutos y universidades a otros lugares de la provincia, habitualmente&#8230; <a class=\"view-article\" href=\"https:\/\/guiesdegirona.com\/es\/visitas-guiadas-escuelas\/\">Ver art\u00edculo<\/a>","protected":false},"author":9,"featured_media":672,"parent":0,"menu_order":0,"comment_status":"closed","ping_status":"closed","template":"page-servicios.php","meta":{"footnotes":""},"class_list":["post-1848","page","type-page","status-publish","has-post-thumbnail","hentry"],"_links":{"self":[{"href":"https:\/\/guiesdegirona.com\/es\/wp-json\/wp\/v2\/pages\/1848","targetHints":{"allow":["GET"]}}],"collection":[{"href":"https:\/\/guiesdegirona.com\/es\/wp-json\/wp\/v2\/pages"}],"about":[{"href":"https:\/\/guiesdegirona.com\/es\/wp-json\/wp\/v2\/types\/page"}],"author":[{"embeddable":true,"href":"https:\/\/guiesdegirona.com\/es\/wp-json\/wp\/v2\/users\/9"}],"replies":[{"embeddable":true,"href":"https:\/\/guiesdegirona.com\/es\/wp-json\/wp\/v2\/comments?post=1848"}],"version-history":[{"count":5,"href":"https:\/\/guiesdegirona.com\/es\/wp-json\/wp\/v2\/pages\/1848\/revisions"}],"predecessor-version":[{"id":2047,"href":"https:\/\/guiesdegirona.com\/es\/wp-json\/wp\/v2\/pages\/1848\/revisions\/2047"}],"wp:featuredmedia":[{"embeddable":true,"href":"https:\/\/guiesdegirona.com\/es\/wp-json\/wp\/v2\/media\/672"}],"wp:attachment":[{"href":"https:\/\/guiesdegirona.com\/es\/wp-json\/wp\/v2\/media?parent=1848"}],"curies":[{"name":"wp","href":"https:\/\/api.w.org\/{rel}","templated":true}]}}