{"id":1562,"date":"2014-01-27T14:02:05","date_gmt":"2014-01-27T13:02:05","guid":{"rendered":"https:\/\/guiesdegirona.com\/?page_id=1562"},"modified":"2025-02-12T12:48:32","modified_gmt":"2025-02-12T11:48:32","slug":"quienes-somos","status":"publish","type":"page","link":"https:\/\/guiesdegirona.com\/es\/quienes-somos\/","title":{"rendered":"\u00bfQui\u00e9nes somos?"},"content":{"rendered":"<div id=\"pl-1562\"  class=\"panel-layout\" ><div id=\"pg-1562-0\"  class=\"panel-grid panel-no-style\" ><div id=\"pgc-1562-0-0\"  class=\"panel-grid-cell\" ><div id=\"panel-1562-0-0-0\" class=\"so-panel widget widget_sow-editor panel-first-child panel-last-child\" data-index=\"0\" ><div\n\t\t\t\n\t\t\tclass=\"so-widget-sow-editor so-widget-sow-editor-base\"\n\t\t\t\n\t\t><h2 class=\"widget-title\"><span>\u00bfQui\u00e9nes somos?<\/span><\/h2>\n<div class=\"siteorigin-widget-tinymce textwidget\">\n\t<div class=\"siteorigin-widget-tinymce textwidget\">\n<p style=\"text-align: center;\">SOMOS LA ASOCIACI\u00d3N DE GU\u00cdAS OFICIALES DE TURISMO E INT\u00c9RPRETES DEL PATRIMONIO HIST\u00d3RICO ART\u00cdSTICO DE GIRONA Y PROVINCIA<\/p>\n<hr \/>\n<\/div>\n<\/div>\n<\/div><\/div><\/div><\/div><div id=\"pg-1562-1\"  class=\"panel-grid panel-no-style\" ><div id=\"pgc-1562-1-0\"  class=\"panel-grid-cell\" ><div id=\"panel-1562-1-0-0\" class=\"so-panel widget widget_sow-image panel-first-child panel-last-child\" data-index=\"1\" ><div\n\t\t\t\n\t\t\tclass=\"so-widget-sow-image so-widget-sow-image-default-c67d20f9f743-1562\"\n\t\t\t\n\t\t>\n<div class=\"sow-image-container\">\n\t\t<img \n\tsrc=\"https:\/\/guiesdegirona.com\/wp-content\/uploads\/2025\/02\/AGG-FOTO-1-768x576.jpeg\" width=\"768\" height=\"576\" srcset=\"https:\/\/guiesdegirona.com\/wp-content\/uploads\/2025\/02\/AGG-FOTO-1-768x576.jpeg 768w, https:\/\/guiesdegirona.com\/wp-content\/uploads\/2025\/02\/AGG-FOTO-1-250x188.jpeg 250w, https:\/\/guiesdegirona.com\/wp-content\/uploads\/2025\/02\/AGG-FOTO-1-700x525.jpeg 700w, https:\/\/guiesdegirona.com\/wp-content\/uploads\/2025\/02\/AGG-FOTO-1-120x90.jpeg 120w, https:\/\/guiesdegirona.com\/wp-content\/uploads\/2025\/02\/AGG-FOTO-1-500x375.jpeg 500w\" sizes=\"(max-width: 768px) 100vw, 768px\" title=\"AGG FOTO 1\" alt=\"\" \t\tclass=\"so-widget-image\"\/>\n\t<\/div>\n\n<\/div><\/div><\/div><div id=\"pgc-1562-1-1\"  class=\"panel-grid-cell\" ><div id=\"panel-1562-1-1-0\" class=\"so-panel widget widget_sow-editor panel-first-child panel-last-child\" data-index=\"2\" ><div\n\t\t\t\n\t\t\tclass=\"so-widget-sow-editor so-widget-sow-editor-base\"\n\t\t\t\n\t\t>\n<div class=\"siteorigin-widget-tinymce textwidget\">\n\t<p>Somos la asociaci\u00f3n de gu\u00edas oficiales de turismo e int\u00e9rpretes del patrimonio hist\u00f3rico art\u00edstico de Gerona y provincia.<\/p>\n<p>Todos nuestros miembros son profesionales formados y est\u00e1n habilitados por la Generalitat de Catalunya.<\/p>\n<p>Nos apasionan el arte, la historia, la cultura y la gastronom\u00eda, por ello estamos permanentemente compartiendo ideas y organizando formaciones para ampliar y actualizar nuestros conocimientos.<\/p>\n<p>Nos encanta recibir visitantes, mostrarles lo m\u00e1s atractivo, comentar las an\u00e9cdotas significativas y dar lo mejor de nosotros mismos, porque sentimos que guiar es en s\u00ed mismo un mundo rico y fascinante.<\/p>\n<\/div>\n<\/div><\/div><\/div><\/div><div id=\"pg-1562-2\"  class=\"panel-grid panel-no-style\" ><div id=\"pgc-1562-2-0\"  class=\"panel-grid-cell\" ><div id=\"panel-1562-2-0-0\" class=\"so-panel widget widget_sow-editor panel-first-child panel-last-child\" data-index=\"3\" ><div\n\t\t\t\n\t\t\tclass=\"so-widget-sow-editor so-widget-sow-editor-base\"\n\t\t\t\n\t\t><h2 class=\"widget-title\"><span>\u00bfQu\u00e9 hacemos?<\/span><\/h2>\n<div class=\"siteorigin-widget-tinymce textwidget\">\n\t<p>El colectivo de guias oficiales de turismo que formamos parte de la Asociaci\u00f3n de Gu\u00edas de Turismo de Girona velamos para la buena pr\u00e1ctica de todos nuestros asociados; organizamos formaciones continuadas para ampliar y actualizar nuestros conocimientos, estamos al d\u00eda de la agenda cultural de nuestro territorio y sobretodo, amamos nuestro pa\u00eds y tenemos muchas ganas de darlo a conocer.<\/p>\n<p>Los diferentes perfiles de gu\u00edas que conforman la asociaci\u00f3n (seg\u00fan estudios cursados, conocimientos, habilidades e inquietudes) hacen que existan gu\u00edas espec\u00edficos para cada tipo de visita (visitas culturales, de naturaleza, gastron\u00f3micas, de enoturismo, visitas teatralizadas, ...) y para cada tipo de p\u00fablico (individuales, grupos, p\u00fablico familiar, escuelas e institutos, ...)<\/p>\n<\/div>\n<\/div><\/div><\/div><\/div><\/div>","protected":false},"excerpt":{"rendered":"SOMOS LA ASOCIACI\u00d3N DE GU\u00cdAS OFICIALES DE TURISMO E INT\u00c9RPRETES DEL PATRIMONIO HIST\u00d3RICO ART\u00cdSTICO DE GIRONA Y PROVINCIA Somos la asociaci\u00f3n de gu\u00edas oficiales de turismo e int\u00e9rpretes del patrimonio hist\u00f3rico art\u00edstico de Gerona y provincia. Todos nuestros miembros son profesionales formados y est\u00e1n habilitados por la Generalitat de Catalunya. Nos apasionan el arte, la&#8230; <a class=\"view-article\" href=\"https:\/\/guiesdegirona.com\/es\/quienes-somos\/\">Ver art\u00edculo<\/a>","protected":false},"author":9,"featured_media":0,"parent":0,"menu_order":0,"comment_status":"open","ping_status":"open","template":"page-paginas.php","meta":{"footnotes":""},"class_list":["post-1562","page","type-page","status-publish","hentry"],"_links":{"self":[{"href":"https:\/\/guiesdegirona.com\/es\/wp-json\/wp\/v2\/pages\/1562","targetHints":{"allow":["GET"]}}],"collection":[{"href":"https:\/\/guiesdegirona.com\/es\/wp-json\/wp\/v2\/pages"}],"about":[{"href":"https:\/\/guiesdegirona.com\/es\/wp-json\/wp\/v2\/types\/page"}],"author":[{"embeddable":true,"href":"https:\/\/guiesdegirona.com\/es\/wp-json\/wp\/v2\/users\/9"}],"replies":[{"embeddable":true,"href":"https:\/\/guiesdegirona.com\/es\/wp-json\/wp\/v2\/comments?post=1562"}],"version-history":[{"count":7,"href":"https:\/\/guiesdegirona.com\/es\/wp-json\/wp\/v2\/pages\/1562\/revisions"}],"predecessor-version":[{"id":7701,"href":"https:\/\/guiesdegirona.com\/es\/wp-json\/wp\/v2\/pages\/1562\/revisions\/7701"}],"wp:attachment":[{"href":"https:\/\/guiesdegirona.com\/es\/wp-json\/wp\/v2\/media?parent=1562"}],"curies":[{"name":"wp","href":"https:\/\/api.w.org\/{rel}","templated":true}]}}