{"id":1530,"date":"2014-01-27T14:00:38","date_gmt":"2014-01-27T13:00:38","guid":{"rendered":"https:\/\/guiesdegirona.com\/?page_id=1530"},"modified":"2022-08-29T18:29:13","modified_gmt":"2022-08-29T16:29:13","slug":"contacto","status":"publish","type":"page","link":"https:\/\/guiesdegirona.com\/es\/contacto\/","title":{"rendered":"Contacto"},"content":{"rendered":"<div id=\"pl-1530\"  class=\"panel-layout\" ><div id=\"pg-1530-0\"  class=\"panel-grid panel-has-style\" ><div class=\"siteorigin-panels-stretch panel-row-style panel-row-style-for-1530-0\" data-stretch-type=\"full-stretched\" ><div id=\"pgc-1530-0-0\"  class=\"panel-grid-cell\" ><div id=\"panel-1530-0-0-0\" class=\"so-panel widget widget_sow-google-map panel-first-child panel-last-child\" data-index=\"0\" ><div\n\t\t\t\n\t\t\tclass=\"so-widget-sow-google-map so-widget-sow-google-map-default-6b23895f316e-1530\"\n\t\t\t\n\t\t>\n<div class=\"sow-google-map-canvas\"\n\tstyle=\"\"\n\tid=\"map-canvas-8c3fe871dac3d16dd57aeb3008f5244f\"\n\tdata-options=\"{&quot;address&quot;:&quot;Berenguer Carnicer 3, Girona&quot;,&quot;zoom&quot;:17,&quot;mobileZoom&quot;:17,&quot;gestureHandling&quot;:&quot;none&quot;,&quot;disableUi&quot;:false,&quot;markerIcon&quot;:false,&quot;markersDraggable&quot;:false,&quot;markerAtCenter&quot;:true,&quot;markerInfoDisplay&quot;:&quot;click&quot;,&quot;markerInfoMultiple&quot;:true,&quot;markerPositions&quot;:false,&quot;mapName&quot;:&quot;Mapa personalizado&quot;,&quot;mapStyles&quot;:[{&quot;featureType&quot;:&quot;poi.attraction&quot;,&quot;elementType&quot;:&quot;geometry&quot;,&quot;stylers&quot;:[{&quot;visibility&quot;:true},{&quot;color&quot;:&quot;off&quot;}]}],&quot;directions&quot;:&quot;&quot;,&quot;apiKey&quot;:&quot;AIzaSyAx3xj1Lj-z3-B6nFqQDvRDGQvdUr2wqjg&quot;,&quot;breakpoint&quot;:780}\"\n\tdata-fallback-image=\"{&quot;img&quot;:&quot;&quot;}\"><\/div>\n<\/div><\/div><\/div><\/div><\/div><div id=\"pg-1530-1\"  class=\"panel-grid panel-no-style\" ><div id=\"pgc-1530-1-0\"  class=\"panel-grid-cell\" ><div id=\"panel-1530-1-0-0\" class=\"so-panel widget widget_sow-editor panel-first-child panel-last-child\" data-index=\"1\" ><div\n\t\t\t\n\t\t\tclass=\"so-widget-sow-editor so-widget-sow-editor-base\"\n\t\t\t\n\t\t>\n<div class=\"siteorigin-widget-tinymce textwidget\">\n\t<h3>Informaci\u00f3n de contacto<\/h3>\n<p>Associaci\u00f3 Guies de Girona - Punt de Benvinguda<br \/>C\/ Berenguer Carnicer, 3<br \/>17001 Girona<strong><br \/><\/strong> 972 21 16 78 - 674 955 805<strong><br \/><\/strong>De lunes a viernes de 9.00 a 15.00<\/p>\n<p><strong><br \/><\/strong><strong><a href=\"mailto:puntdebenvinguda@ajgirona.cat\">puntdebenvinguda@ajgirona.cat<\/a><\/strong><\/p>\n<\/div>\n<\/div><\/div><\/div><div id=\"pgc-1530-1-1\"  class=\"panel-grid-cell\" ><div id=\"panel-1530-1-1-0\" class=\"so-panel widget widget_sow-editor panel-first-child panel-last-child\" data-index=\"2\" ><div\n\t\t\t\n\t\t\tclass=\"so-widget-sow-editor so-widget-sow-editor-base\"\n\t\t\t\n\t\t>\n<div class=\"siteorigin-widget-tinymce textwidget\">\n\t<p>Para recibir m\u00e1s informaci\u00f3n, rellene el siguiente formulario. Si lo prefiere puede ponerse en contacto con nosotros por tel\u00e9fono o envi\u00e1ndonos un mail.<\/p>\n\n<div class=\"wpcf7 no-js\" id=\"wpcf7-f1540-o1\" lang=\"es-ES\" dir=\"ltr\" data-wpcf7-id=\"1540\">\n<div class=\"screen-reader-response\"><p role=\"status\" aria-live=\"polite\" aria-atomic=\"true\"><\/p> <ul><\/ul><\/div>\n<form action=\"\/es\/wp-json\/wp\/v2\/pages\/1530#wpcf7-f1540-o1\" method=\"post\" class=\"wpcf7-form init\" aria-label=\"Formulario de contacto\" novalidate=\"novalidate\" data-status=\"init\">\n<fieldset class=\"hidden-fields-container\"><input type=\"hidden\" name=\"_wpcf7\" value=\"1540\" \/><input type=\"hidden\" name=\"_wpcf7_version\" value=\"6.1.5\" \/><input type=\"hidden\" name=\"_wpcf7_locale\" value=\"es_ES\" \/><input type=\"hidden\" name=\"_wpcf7_unit_tag\" value=\"wpcf7-f1540-o1\" \/><input type=\"hidden\" name=\"_wpcf7_container_post\" value=\"0\" \/><input type=\"hidden\" name=\"_wpcf7_posted_data_hash\" value=\"\" \/>\n<\/fieldset>\n<p><span class=\"wpcf7-form-control-wrap\" data-name=\"your-name\"><input size=\"40\" maxlength=\"400\" class=\"wpcf7-form-control wpcf7-text wpcf7-validates-as-required\" aria-required=\"true\" aria-invalid=\"false\" value=\"Nombre\" type=\"text\" name=\"your-name\" \/><\/span>\n<\/p>\n<p><span class=\"wpcf7-form-control-wrap\" data-name=\"your-email\"><input size=\"40\" maxlength=\"400\" class=\"wpcf7-form-control wpcf7-email wpcf7-validates-as-required wpcf7-text wpcf7-validates-as-email\" aria-required=\"true\" aria-invalid=\"false\" value=\"Email\" type=\"email\" name=\"your-email\" \/><\/span>\n<\/p>\n<p><span class=\"wpcf7-form-control-wrap\" data-name=\"your-subject\"><textarea cols=\"40\" rows=\"10\" maxlength=\"2000\" class=\"wpcf7-form-control wpcf7-textarea wpcf7-validates-as-required\" aria-required=\"true\" aria-invalid=\"false\" name=\"your-subject\">Mensaje<\/textarea><\/span>\n<\/p>\n<p class=\"acepto\"><span class=\"wpcf7-form-control-wrap\" data-name=\"acceptance-645\"><span class=\"wpcf7-form-control wpcf7-acceptance\"><span class=\"wpcf7-list-item\"><label><input type=\"checkbox\" name=\"acceptance-645\" value=\"1\" aria-invalid=\"false\" \/><span class=\"wpcf7-list-item-label\">He leido y accepto el <a href=\"https:\/\/guiesdegirona.com\/es\/aviso-legal\/\">Aviso legal<\/a><\/span><\/label><\/span><\/span><\/span>\n<\/p>\n<p><input class=\"wpcf7-form-control wpcf7-submit has-spinner\" type=\"submit\" value=\"Enviar\" \/>\n<\/p>\n<div style=\"text-align: left; border: 1px solid silver; background: #f1f1f1; padding: 30px; margin-top: 30px; font-size: 11px\">\n\t<p>INFORMACI\u00d3N B\u00c1SICA SOBRE PROTECCI\u00d3N DE DATOS<br \/>\nRESPONSABLE: \tAssociaci\u00f3 de Guies de Girona<br \/>\nFINALIDAD DE LOS DATOS: Gestionar el env\u00edo de informaci\u00f3n y prospecci\u00f3n comercial<br \/>\nLEGITIMACION: \tConsentimiento del interesado<br \/>\nDESTINATARIOS: \tEmpresas proveedoras y encargados de tratamiento<br \/>\nDERECHOS: Acceder, rectificar y suprimir los datos, as\u00ed como otros derechos que se explican en la informaci\u00f3n adicional<br \/>\nINFORMACION ADICIONAL: Puedes consultar la informaci\u00f3n adicional y detallada sobre protecci\u00f3n de datos en este <a href=\"https:\/\/guiesdegirona.com\/es\/aviso-legal\/\" target=\"_blank\">link<\/a>\n\t<\/p>\n<\/div><div class=\"wpcf7-response-output\" aria-hidden=\"true\"><\/div>\n<\/form>\n<\/div>\n\n<\/div>\n<\/div><\/div><\/div><\/div><\/div>","protected":false},"excerpt":{"rendered":"Informaci\u00f3n de contacto Associaci\u00f3 Guies de Girona &#8211; Punt de BenvingudaC\/ Berenguer Carnicer, 317001 Girona 972 21 16 78 &#8211; 674 955 805De lunes a viernes de 9.00 a 15.00 puntdebenvinguda@ajgirona.cat Para recibir m\u00e1s informaci\u00f3n, rellene el siguiente formulario. Si lo prefiere puede ponerse en contacto con nosotros por tel\u00e9fono o envi\u00e1ndonos un mail.","protected":false},"author":9,"featured_media":0,"parent":0,"menu_order":0,"comment_status":"open","ping_status":"open","template":"page-paginas.php","meta":{"footnotes":""},"class_list":["post-1530","page","type-page","status-publish","hentry"],"_links":{"self":[{"href":"https:\/\/guiesdegirona.com\/es\/wp-json\/wp\/v2\/pages\/1530","targetHints":{"allow":["GET"]}}],"collection":[{"href":"https:\/\/guiesdegirona.com\/es\/wp-json\/wp\/v2\/pages"}],"about":[{"href":"https:\/\/guiesdegirona.com\/es\/wp-json\/wp\/v2\/types\/page"}],"author":[{"embeddable":true,"href":"https:\/\/guiesdegirona.com\/es\/wp-json\/wp\/v2\/users\/9"}],"replies":[{"embeddable":true,"href":"https:\/\/guiesdegirona.com\/es\/wp-json\/wp\/v2\/comments?post=1530"}],"version-history":[{"count":6,"href":"https:\/\/guiesdegirona.com\/es\/wp-json\/wp\/v2\/pages\/1530\/revisions"}],"predecessor-version":[{"id":4375,"href":"https:\/\/guiesdegirona.com\/es\/wp-json\/wp\/v2\/pages\/1530\/revisions\/4375"}],"wp:attachment":[{"href":"https:\/\/guiesdegirona.com\/es\/wp-json\/wp\/v2\/media?parent=1530"}],"curies":[{"name":"wp","href":"https:\/\/api.w.org\/{rel}","templated":true}]}}